{"id":1244,"date":"2022-06-16T10:01:23","date_gmt":"2022-06-16T08:01:23","guid":{"rendered":"https:\/\/aucalme-reflexologie.com\/?page_id=1244"},"modified":"2022-09-15T11:02:46","modified_gmt":"2022-09-15T09:02:46","slug":"les-contre-indications-a-la-reflexologie","status":"publish","type":"page","link":"https:\/\/aucalme-reflexologie.com\/index.php\/les-contre-indications-a-la-reflexologie\/","title":{"rendered":"Les contre-indications \u00e0 la r\u00e9flexologie"},"content":{"rendered":"\n<table style=\"text-align:justify;\">\n\t<tr>\n\t\t<td width=\"5%\"><\/td>\n\t\t<td><strong>Les contre-indications \u00e0 la r\u00e9flexologie plantaire et palmaire<\/strong><\/td>\t\n\t<td width=\"5%\"><\/td>\n\t<\/tr>\t\t\n\t<tr>\n\t<td width=\"5%\"><\/td>\n\t\t<td>La r\u00e9flexologie plantaire et palmaire est \u00e0 \u00e9viter pour :<\/td>\n\t<\/tr>\n\t<tr>\n\t\t<td width=\"5%\"><\/td>\n\t\t<td><ul>\n\t\t<li>Les femmes enceintes lors du premier trimestre<\/li>\n\t\t<li>Les personnes souffrant de phl\u00e9bites ou de probl\u00e8mes circulatoires graves ou ayant eu un AVC ou une phl\u00e9bite dans les six derniers mois (demander l&rsquo;avis de votre m\u00e9decin)<\/li>\n\t\t<li>Les personnes souffrant de certains cancers tels que les leuc\u00e9mies ou les cancers touchant les ganglions lymphatiques (demander l&rsquo;avis de votre m\u00e9decin)<\/li>\n\t\t<li>Les personnes ayant actuellement une fracture ou une plaie des pieds ou des mains<\/li><\/ul><\/td>\n\t\t<td width=\"5%\"><\/td>\n\t<\/tr>\t\n<\/table>\n\n\n\n<table style=\"text-align:justify;\">\n\t<tr>\n\t\t<td width=\"5%\"><\/td>\n\t\t<td><strong>Les contre-indications \u00e0 la r\u00e9flexologie faciale et cr\u00e2nienne<\/strong><\/td>\t\n\t\t<td width=\"5%\"><\/td>\n\t<\/tr>\n\t\n\t<tr>\n\t<td width=\"5%\"><\/td>\n\t\t<td>La r\u00e9flexologie faciale et cr\u00e2nienn est \u00e0 \u00e9viter dans les cas suivants :<\/td>\n\t<\/tr>\n\n\t<tr>\n\t\t<td width=\"5%\"><\/td>\n\t\t<td><ul>\n\t\t<li>Les personnes ayant des abc\u00e8s ou des maladies dermatologiques contagieuses sur le visage ou le cuir chevelu<\/li>\n\t\t<li>Les personnes ayant eu un AVC il y a moins d&rsquo;un an (demander l&rsquo;avis de votre m\u00e9decin)<\/li>\n\t\t<li>Les personnes ayant eu un traumatisme cr\u00e2nien (+ 1 mois sans fracture \/ + 6 mois avec fracture)<\/li>\n\t\t<li>Les personnes souffrant d&rsquo;une infection grave ou d&rsquo;une maladie s\u2019accompagnant de forte fi\u00e8vre<\/li>\n\t\t<li>Les personnes ayant une migraine ou tout autre processus inflammatoire touchant la t\u00eate<\/li>\n\t\t<li>Les personnes souffrant d&rsquo;un cancer qui touche le syst\u00e8me sanguin ou lymphatique<\/li>\n\t\t<li>Les personnes souffrant d&rsquo;une d\u00e9pression grave ou de troubles importants d\u2019ordre psychiatrique<\/li>\n\t\t<li>Les personnes \u00e9pileptiques<\/li>\n\t\t<li>Les femmes enceintes lors du premier trimestre ou si la grossesse est \u00e0 risque<\/li>\n\t\t<\/ul><\/td>\n\t\t<td width=\"5%\"><\/td>\n\t<\/tr>\t\t\n<\/table>\n\n\n\n<p align=\"center\"><strong>Attention : La r\u00e9flexologie ne se substitue pas \u00e0 la m\u00e9decine conventionnelle. <br \/>Elle ne remplace pas vos traitements en cours, ni vos consultations chez le m\u00e9decin. <br \/>Votre r\u00e9flexologue ne pose aucun diagnostic et n\u2019intervient dans aucune d\u00e9cision m\u00e9dicale.<\/strong><\/p>\n","protected":false},"excerpt":{"rendered":"<p>Les contre-indications \u00e0 la r\u00e9flexologie<a class=\"read-more\" href=\"https:\/\/aucalme-reflexologie.com\/index.php\/les-contre-indications-a-la-reflexologie\/\"> Read More <\/a><\/p>\n","protected":false},"author":1,"featured_media":0,"parent":0,"menu_order":0,"comment_status":"closed","ping_status":"closed","template":"","meta":{"footnotes":""},"class_list":["post-1244","page","type-page","status-publish","hentry"],"yoast_head":"<!-- This site is optimized with the Yoast SEO plugin v20.0 - https:\/\/yoast.com\/wordpress\/plugins\/seo\/ -->\n<title>Les contre-indications \u00e0 la r\u00e9flexologie - Au calme R\u00e9flexologie<\/title>\n<meta name=\"robots\" content=\"index, follow, max-snippet:-1, max-image-preview:large, max-video-preview:-1\" \/>\n<link rel=\"canonical\" href=\"https:\/\/aucalme-reflexologie.com\/index.php\/les-contre-indications-a-la-reflexologie\/\" \/>\n<meta property=\"og:locale\" content=\"fr_FR\" \/>\n<meta property=\"og:type\" content=\"article\" \/>\n<meta property=\"og:title\" content=\"Les contre-indications \u00e0 la r\u00e9flexologie - Au calme R\u00e9flexologie\" \/>\n<meta property=\"og:description\" content=\"Les contre-indications \u00e0 la r\u00e9flexologie Read More\" \/>\n<meta property=\"og:url\" content=\"https:\/\/aucalme-reflexologie.com\/index.php\/les-contre-indications-a-la-reflexologie\/\" \/>\n<meta property=\"og:site_name\" content=\"Au calme R\u00e9flexologie\" \/>\n<meta property=\"article:publisher\" content=\"https:\/\/www.facebook.com\/AuCalmeReflexologie\" \/>\n<meta property=\"article:modified_time\" content=\"2022-09-15T09:02:46+00:00\" \/>\n<meta name=\"twitter:card\" content=\"summary_large_image\" \/>\n<meta name=\"twitter:label1\" content=\"Dur\u00e9e de lecture estim\u00e9e\" \/>\n\t<meta name=\"twitter:data1\" content=\"1 minute\" \/>\n<script type=\"application\/ld+json\" class=\"yoast-schema-graph\">{\"@context\":\"https:\/\/schema.org\",\"@graph\":[{\"@type\":\"WebPage\",\"@id\":\"https:\/\/aucalme-reflexologie.com\/index.php\/les-contre-indications-a-la-reflexologie\/\",\"url\":\"https:\/\/aucalme-reflexologie.com\/index.php\/les-contre-indications-a-la-reflexologie\/\",\"name\":\"Les contre-indications \u00e0 la r\u00e9flexologie - Au calme R\u00e9flexologie\",\"isPartOf\":{\"@id\":\"https:\/\/aucalme-reflexologie.com\/#website\"},\"datePublished\":\"2022-06-16T08:01:23+00:00\",\"dateModified\":\"2022-09-15T09:02:46+00:00\",\"breadcrumb\":{\"@id\":\"https:\/\/aucalme-reflexologie.com\/index.php\/les-contre-indications-a-la-reflexologie\/#breadcrumb\"},\"inLanguage\":\"fr-FR\",\"potentialAction\":[{\"@type\":\"ReadAction\",\"target\":[\"https:\/\/aucalme-reflexologie.com\/index.php\/les-contre-indications-a-la-reflexologie\/\"]}]},{\"@type\":\"BreadcrumbList\",\"@id\":\"https:\/\/aucalme-reflexologie.com\/index.php\/les-contre-indications-a-la-reflexologie\/#breadcrumb\",\"itemListElement\":[{\"@type\":\"ListItem\",\"position\":1,\"name\":\"Accueil\",\"item\":\"https:\/\/aucalme-reflexologie.com\/\"},{\"@type\":\"ListItem\",\"position\":2,\"name\":\"Les contre-indications \u00e0 la r\u00e9flexologie\"}]},{\"@type\":\"WebSite\",\"@id\":\"https:\/\/aucalme-reflexologie.com\/#website\",\"url\":\"https:\/\/aucalme-reflexologie.com\/\",\"name\":\"Au calme R\u00e9flexologie\",\"description\":\"\",\"publisher\":{\"@id\":\"https:\/\/aucalme-reflexologie.com\/#organization\"},\"potentialAction\":[{\"@type\":\"SearchAction\",\"target\":{\"@type\":\"EntryPoint\",\"urlTemplate\":\"https:\/\/aucalme-reflexologie.com\/?s={search_term_string}\"},\"query-input\":\"required name=search_term_string\"}],\"inLanguage\":\"fr-FR\"},{\"@type\":\"Organization\",\"@id\":\"https:\/\/aucalme-reflexologie.com\/#organization\",\"name\":\"Au calme R\u00e9flexologie\",\"alternateName\":\"Au calme R\u00e9flexologie\",\"url\":\"https:\/\/aucalme-reflexologie.com\/\",\"logo\":{\"@type\":\"ImageObject\",\"inLanguage\":\"fr-FR\",\"@id\":\"https:\/\/aucalme-reflexologie.com\/#\/schema\/logo\/image\/\",\"url\":\"https:\/\/aucalme-reflexologie.com\/wp-content\/uploads\/2022\/04\/logoSite180px.png\",\"contentUrl\":\"https:\/\/aucalme-reflexologie.com\/wp-content\/uploads\/2022\/04\/logoSite180px.png\",\"width\":180,\"height\":182,\"caption\":\"Au calme R\u00e9flexologie\"},\"image\":{\"@id\":\"https:\/\/aucalme-reflexologie.com\/#\/schema\/logo\/image\/\"},\"sameAs\":[\"https:\/\/www.instagram.com\/aucalmereflexologie\/\",\"https:\/\/www.facebook.com\/AuCalmeReflexologie\"]}]}<\/script>\n<!-- \/ Yoast SEO plugin. -->","yoast_head_json":{"title":"Les contre-indications \u00e0 la r\u00e9flexologie - Au calme R\u00e9flexologie","robots":{"index":"index","follow":"follow","max-snippet":"max-snippet:-1","max-image-preview":"max-image-preview:large","max-video-preview":"max-video-preview:-1"},"canonical":"https:\/\/aucalme-reflexologie.com\/index.php\/les-contre-indications-a-la-reflexologie\/","og_locale":"fr_FR","og_type":"article","og_title":"Les contre-indications \u00e0 la r\u00e9flexologie - Au calme R\u00e9flexologie","og_description":"Les contre-indications \u00e0 la r\u00e9flexologie Read More","og_url":"https:\/\/aucalme-reflexologie.com\/index.php\/les-contre-indications-a-la-reflexologie\/","og_site_name":"Au calme R\u00e9flexologie","article_publisher":"https:\/\/www.facebook.com\/AuCalmeReflexologie","article_modified_time":"2022-09-15T09:02:46+00:00","twitter_card":"summary_large_image","twitter_misc":{"Dur\u00e9e de lecture estim\u00e9e":"1 minute"},"schema":{"@context":"https:\/\/schema.org","@graph":[{"@type":"WebPage","@id":"https:\/\/aucalme-reflexologie.com\/index.php\/les-contre-indications-a-la-reflexologie\/","url":"https:\/\/aucalme-reflexologie.com\/index.php\/les-contre-indications-a-la-reflexologie\/","name":"Les contre-indications \u00e0 la r\u00e9flexologie - Au calme R\u00e9flexologie","isPartOf":{"@id":"https:\/\/aucalme-reflexologie.com\/#website"},"datePublished":"2022-06-16T08:01:23+00:00","dateModified":"2022-09-15T09:02:46+00:00","breadcrumb":{"@id":"https:\/\/aucalme-reflexologie.com\/index.php\/les-contre-indications-a-la-reflexologie\/#breadcrumb"},"inLanguage":"fr-FR","potentialAction":[{"@type":"ReadAction","target":["https:\/\/aucalme-reflexologie.com\/index.php\/les-contre-indications-a-la-reflexologie\/"]}]},{"@type":"BreadcrumbList","@id":"https:\/\/aucalme-reflexologie.com\/index.php\/les-contre-indications-a-la-reflexologie\/#breadcrumb","itemListElement":[{"@type":"ListItem","position":1,"name":"Accueil","item":"https:\/\/aucalme-reflexologie.com\/"},{"@type":"ListItem","position":2,"name":"Les contre-indications \u00e0 la r\u00e9flexologie"}]},{"@type":"WebSite","@id":"https:\/\/aucalme-reflexologie.com\/#website","url":"https:\/\/aucalme-reflexologie.com\/","name":"Au calme R\u00e9flexologie","description":"","publisher":{"@id":"https:\/\/aucalme-reflexologie.com\/#organization"},"potentialAction":[{"@type":"SearchAction","target":{"@type":"EntryPoint","urlTemplate":"https:\/\/aucalme-reflexologie.com\/?s={search_term_string}"},"query-input":"required name=search_term_string"}],"inLanguage":"fr-FR"},{"@type":"Organization","@id":"https:\/\/aucalme-reflexologie.com\/#organization","name":"Au calme R\u00e9flexologie","alternateName":"Au calme R\u00e9flexologie","url":"https:\/\/aucalme-reflexologie.com\/","logo":{"@type":"ImageObject","inLanguage":"fr-FR","@id":"https:\/\/aucalme-reflexologie.com\/#\/schema\/logo\/image\/","url":"https:\/\/aucalme-reflexologie.com\/wp-content\/uploads\/2022\/04\/logoSite180px.png","contentUrl":"https:\/\/aucalme-reflexologie.com\/wp-content\/uploads\/2022\/04\/logoSite180px.png","width":180,"height":182,"caption":"Au calme R\u00e9flexologie"},"image":{"@id":"https:\/\/aucalme-reflexologie.com\/#\/schema\/logo\/image\/"},"sameAs":["https:\/\/www.instagram.com\/aucalmereflexologie\/","https:\/\/www.facebook.com\/AuCalmeReflexologie"]}]}},"_links":{"self":[{"href":"https:\/\/aucalme-reflexologie.com\/index.php\/wp-json\/wp\/v2\/pages\/1244","targetHints":{"allow":["GET"]}}],"collection":[{"href":"https:\/\/aucalme-reflexologie.com\/index.php\/wp-json\/wp\/v2\/pages"}],"about":[{"href":"https:\/\/aucalme-reflexologie.com\/index.php\/wp-json\/wp\/v2\/types\/page"}],"author":[{"embeddable":true,"href":"https:\/\/aucalme-reflexologie.com\/index.php\/wp-json\/wp\/v2\/users\/1"}],"replies":[{"embeddable":true,"href":"https:\/\/aucalme-reflexologie.com\/index.php\/wp-json\/wp\/v2\/comments?post=1244"}],"version-history":[{"count":5,"href":"https:\/\/aucalme-reflexologie.com\/index.php\/wp-json\/wp\/v2\/pages\/1244\/revisions"}],"predecessor-version":[{"id":1765,"href":"https:\/\/aucalme-reflexologie.com\/index.php\/wp-json\/wp\/v2\/pages\/1244\/revisions\/1765"}],"wp:attachment":[{"href":"https:\/\/aucalme-reflexologie.com\/index.php\/wp-json\/wp\/v2\/media?parent=1244"}],"curies":[{"name":"wp","href":"https:\/\/api.w.org\/{rel}","templated":true}]}}