{"id":176,"date":"2022-04-29T17:11:31","date_gmt":"2022-04-29T15:11:31","guid":{"rendered":"https:\/\/aucalme-reflexologie.com\/?page_id=176"},"modified":"2022-09-15T10:52:02","modified_gmt":"2022-09-15T08:52:02","slug":"shiatsu-assis","status":"publish","type":"page","link":"https:\/\/aucalme-reflexologie.com\/index.php\/shiatsu-assis\/","title":{"rendered":"Le shiatsu assis"},"content":{"rendered":"\n <table>\n<tr>\n<td width=\"5%\"><\/td>\n<td><strong>Le massage bien-\u00eatre shiatsu assis<\/strong><br \/><\/td>\n<\/tr>\n<\/table>\n\n\n\n<div class=\"wp-block-columns is-layout-flex wp-container-core-columns-is-layout-9d6595d7 wp-block-columns-is-layout-flex\">\n<div class=\"wp-block-column is-layout-flow wp-block-column-is-layout-flow\" style=\"flex-basis:66.66%\">\n<table style=\"text-align:justify;\">\n  <tr>\n\t<td width=\"5%\"><\/td>\n    <td>Le massage shiatsu assis est un massage \u00e9nerg\u00e9tique de relaxation qui apporte \u00e0 la fois vitalit\u00e9, d\u00e9tente et bien-\u00eatre.<br \/><br \/>\nIl est compos\u00e9 de diff\u00e9rents mouvements de pressions effectu\u00e9s sur des points d\u2019acupuncture situ\u00e9s sur le dos, le cr\u00e2ne, la nuque, les \u00e9paules et les bras.<br \/><br \/>\nIl s\u2019effectue avec une chaise ergonomique sp\u00e9cifique et au travers des v\u00eatements.<br \/><br \/>\nLa dur\u00e9e du massage est de 15-20 minutes.<\/td>\n    <td width=\"5%\"><\/td>\n  <\/tr>\n<\/table>\n<\/div>\n\n\n\n<div class=\"wp-block-column is-layout-flow wp-block-column-is-layout-flow\" style=\"flex-basis:33.33%\">\n<figure class=\"wp-block-image size-full\"><img loading=\"lazy\" decoding=\"async\" width=\"200\" height=\"148\" src=\"https:\/\/aucalme-reflexologie.com\/wp-content\/uploads\/2022\/09\/shiatsu2-e1662629961932.jpg\" alt=\"\" class=\"wp-image-1513\"\/><\/figure>\n<\/div>\n<\/div>\n\n\n\n<table style=\"text-align:justify;\">\n<tr>\n    <td width=\"5%\"><\/td>\n\t<td><strong>Les bienfaits<\/strong><\/td>\n<\/tr>\n<tr>\n    <td width=\"5%\"><\/td>\n\t<td><ul>\n\t<li>Rel\u00e2chement des tensions musculaires<\/li>\n\t<li>Effet d\u2019apaisement et de d\u00e9tente<\/li>\n\t<li>\u00c9vacuation du stress et de la fatigue<\/li>\n\t<li>Am\u00e9lioration de la concentration<\/li>\n\t<li>Am\u00e9lioration de l\u2019oxyg\u00e9nation du corps<\/li>\n\t<li>R\u00e9\u00e9quilibrage de la circulation \u00e9nerg\u00e9tique<\/li>\n\t<\/ul><\/td>\n<\/tr>\n<\/table>\n\n\n\n<table style=\"text-align:justify;\">\n<tr>\n    <td width=\"5%\"><\/td>\n\t<td><strong>Les contre-indications<\/strong><\/td>\t\n<\/tr>\n<tr>\n    <td width=\"5%\"><\/td>\n\t<td><ul>\t\n\t<li>\u00catre enceinte<\/li>\n\t<li>\u00catre sous traitement m\u00e9dical (demander l\u2019avis d\u2019un m\u00e9decin)<\/li>\n\t<li>Avoir des points douloureux dans le dos, la nuque ou les bras<\/li>\n\t<li>\u00catre \u00e0 jeun<\/li>\n\t<\/ul><\/td>\n<\/tr>\n<\/table>\n\n\n\n<p align=\"center\"><strong><br \/>Attention : Le shiatsu assis ne se substitue pas \u00e0 la m\u00e9decine conventionnelle. <br \/>Il ne remplace pas vos traitements en cours, ni vos consultations chez le m\u00e9decin. <br \/>Votre praticien ne pose aucun diagnostic et n\u2019intervient dans aucune d\u00e9cision m\u00e9dicale.<\/strong><\/p>\n","protected":false},"excerpt":{"rendered":"<p>Le massage bien-\u00eatre shiatsu assis<a class=\"read-more\" href=\"https:\/\/aucalme-reflexologie.com\/index.php\/shiatsu-assis\/\"> Read More <\/a><\/p>\n","protected":false},"author":1,"featured_media":0,"parent":0,"menu_order":0,"comment_status":"closed","ping_status":"closed","template":"","meta":{"footnotes":""},"class_list":["post-176","page","type-page","status-publish","hentry"],"yoast_head":"<!-- This site is optimized with the Yoast SEO plugin v20.0 - https:\/\/yoast.com\/wordpress\/plugins\/seo\/ -->\n<title>Le shiatsu assis - Au calme R\u00e9flexologie<\/title>\n<meta name=\"robots\" content=\"index, follow, max-snippet:-1, max-image-preview:large, max-video-preview:-1\" \/>\n<link rel=\"canonical\" href=\"https:\/\/aucalme-reflexologie.com\/index.php\/shiatsu-assis\/\" \/>\n<meta property=\"og:locale\" content=\"fr_FR\" \/>\n<meta property=\"og:type\" content=\"article\" \/>\n<meta property=\"og:title\" content=\"Le shiatsu assis - Au calme R\u00e9flexologie\" \/>\n<meta property=\"og:description\" content=\"Le massage bien-\u00eatre shiatsu assis Read More\" \/>\n<meta property=\"og:url\" content=\"https:\/\/aucalme-reflexologie.com\/index.php\/shiatsu-assis\/\" \/>\n<meta property=\"og:site_name\" content=\"Au calme R\u00e9flexologie\" \/>\n<meta property=\"article:publisher\" content=\"https:\/\/www.facebook.com\/AuCalmeReflexologie\" \/>\n<meta property=\"article:modified_time\" content=\"2022-09-15T08:52:02+00:00\" \/>\n<meta property=\"og:image\" content=\"https:\/\/aucalme-reflexologie.com\/wp-content\/uploads\/2022\/09\/shiatsu2-e1662629961932.jpg\" \/>\n<meta name=\"twitter:card\" content=\"summary_large_image\" \/>\n<meta name=\"twitter:label1\" content=\"Dur\u00e9e de lecture estim\u00e9e\" \/>\n\t<meta name=\"twitter:data1\" content=\"1 minute\" \/>\n<script type=\"application\/ld+json\" class=\"yoast-schema-graph\">{\"@context\":\"https:\/\/schema.org\",\"@graph\":[{\"@type\":\"WebPage\",\"@id\":\"https:\/\/aucalme-reflexologie.com\/index.php\/shiatsu-assis\/\",\"url\":\"https:\/\/aucalme-reflexologie.com\/index.php\/shiatsu-assis\/\",\"name\":\"Le shiatsu assis - Au calme R\u00e9flexologie\",\"isPartOf\":{\"@id\":\"https:\/\/aucalme-reflexologie.com\/#website\"},\"datePublished\":\"2022-04-29T15:11:31+00:00\",\"dateModified\":\"2022-09-15T08:52:02+00:00\",\"breadcrumb\":{\"@id\":\"https:\/\/aucalme-reflexologie.com\/index.php\/shiatsu-assis\/#breadcrumb\"},\"inLanguage\":\"fr-FR\",\"potentialAction\":[{\"@type\":\"ReadAction\",\"target\":[\"https:\/\/aucalme-reflexologie.com\/index.php\/shiatsu-assis\/\"]}]},{\"@type\":\"BreadcrumbList\",\"@id\":\"https:\/\/aucalme-reflexologie.com\/index.php\/shiatsu-assis\/#breadcrumb\",\"itemListElement\":[{\"@type\":\"ListItem\",\"position\":1,\"name\":\"Accueil\",\"item\":\"https:\/\/aucalme-reflexologie.com\/\"},{\"@type\":\"ListItem\",\"position\":2,\"name\":\"Le shiatsu assis\"}]},{\"@type\":\"WebSite\",\"@id\":\"https:\/\/aucalme-reflexologie.com\/#website\",\"url\":\"https:\/\/aucalme-reflexologie.com\/\",\"name\":\"Au calme R\u00e9flexologie\",\"description\":\"\",\"publisher\":{\"@id\":\"https:\/\/aucalme-reflexologie.com\/#organization\"},\"potentialAction\":[{\"@type\":\"SearchAction\",\"target\":{\"@type\":\"EntryPoint\",\"urlTemplate\":\"https:\/\/aucalme-reflexologie.com\/?s={search_term_string}\"},\"query-input\":\"required name=search_term_string\"}],\"inLanguage\":\"fr-FR\"},{\"@type\":\"Organization\",\"@id\":\"https:\/\/aucalme-reflexologie.com\/#organization\",\"name\":\"Au calme R\u00e9flexologie\",\"alternateName\":\"Au calme R\u00e9flexologie\",\"url\":\"https:\/\/aucalme-reflexologie.com\/\",\"logo\":{\"@type\":\"ImageObject\",\"inLanguage\":\"fr-FR\",\"@id\":\"https:\/\/aucalme-reflexologie.com\/#\/schema\/logo\/image\/\",\"url\":\"https:\/\/aucalme-reflexologie.com\/wp-content\/uploads\/2022\/04\/logoSite180px.png\",\"contentUrl\":\"https:\/\/aucalme-reflexologie.com\/wp-content\/uploads\/2022\/04\/logoSite180px.png\",\"width\":180,\"height\":182,\"caption\":\"Au calme R\u00e9flexologie\"},\"image\":{\"@id\":\"https:\/\/aucalme-reflexologie.com\/#\/schema\/logo\/image\/\"},\"sameAs\":[\"https:\/\/www.instagram.com\/aucalmereflexologie\/\",\"https:\/\/www.facebook.com\/AuCalmeReflexologie\"]}]}<\/script>\n<!-- \/ Yoast SEO plugin. -->","yoast_head_json":{"title":"Le shiatsu assis - Au calme R\u00e9flexologie","robots":{"index":"index","follow":"follow","max-snippet":"max-snippet:-1","max-image-preview":"max-image-preview:large","max-video-preview":"max-video-preview:-1"},"canonical":"https:\/\/aucalme-reflexologie.com\/index.php\/shiatsu-assis\/","og_locale":"fr_FR","og_type":"article","og_title":"Le shiatsu assis - Au calme R\u00e9flexologie","og_description":"Le massage bien-\u00eatre shiatsu assis Read More","og_url":"https:\/\/aucalme-reflexologie.com\/index.php\/shiatsu-assis\/","og_site_name":"Au calme R\u00e9flexologie","article_publisher":"https:\/\/www.facebook.com\/AuCalmeReflexologie","article_modified_time":"2022-09-15T08:52:02+00:00","og_image":[{"url":"https:\/\/aucalme-reflexologie.com\/wp-content\/uploads\/2022\/09\/shiatsu2-e1662629961932.jpg"}],"twitter_card":"summary_large_image","twitter_misc":{"Dur\u00e9e de lecture estim\u00e9e":"1 minute"},"schema":{"@context":"https:\/\/schema.org","@graph":[{"@type":"WebPage","@id":"https:\/\/aucalme-reflexologie.com\/index.php\/shiatsu-assis\/","url":"https:\/\/aucalme-reflexologie.com\/index.php\/shiatsu-assis\/","name":"Le shiatsu assis - Au calme R\u00e9flexologie","isPartOf":{"@id":"https:\/\/aucalme-reflexologie.com\/#website"},"datePublished":"2022-04-29T15:11:31+00:00","dateModified":"2022-09-15T08:52:02+00:00","breadcrumb":{"@id":"https:\/\/aucalme-reflexologie.com\/index.php\/shiatsu-assis\/#breadcrumb"},"inLanguage":"fr-FR","potentialAction":[{"@type":"ReadAction","target":["https:\/\/aucalme-reflexologie.com\/index.php\/shiatsu-assis\/"]}]},{"@type":"BreadcrumbList","@id":"https:\/\/aucalme-reflexologie.com\/index.php\/shiatsu-assis\/#breadcrumb","itemListElement":[{"@type":"ListItem","position":1,"name":"Accueil","item":"https:\/\/aucalme-reflexologie.com\/"},{"@type":"ListItem","position":2,"name":"Le shiatsu assis"}]},{"@type":"WebSite","@id":"https:\/\/aucalme-reflexologie.com\/#website","url":"https:\/\/aucalme-reflexologie.com\/","name":"Au calme R\u00e9flexologie","description":"","publisher":{"@id":"https:\/\/aucalme-reflexologie.com\/#organization"},"potentialAction":[{"@type":"SearchAction","target":{"@type":"EntryPoint","urlTemplate":"https:\/\/aucalme-reflexologie.com\/?s={search_term_string}"},"query-input":"required name=search_term_string"}],"inLanguage":"fr-FR"},{"@type":"Organization","@id":"https:\/\/aucalme-reflexologie.com\/#organization","name":"Au calme R\u00e9flexologie","alternateName":"Au calme R\u00e9flexologie","url":"https:\/\/aucalme-reflexologie.com\/","logo":{"@type":"ImageObject","inLanguage":"fr-FR","@id":"https:\/\/aucalme-reflexologie.com\/#\/schema\/logo\/image\/","url":"https:\/\/aucalme-reflexologie.com\/wp-content\/uploads\/2022\/04\/logoSite180px.png","contentUrl":"https:\/\/aucalme-reflexologie.com\/wp-content\/uploads\/2022\/04\/logoSite180px.png","width":180,"height":182,"caption":"Au calme R\u00e9flexologie"},"image":{"@id":"https:\/\/aucalme-reflexologie.com\/#\/schema\/logo\/image\/"},"sameAs":["https:\/\/www.instagram.com\/aucalmereflexologie\/","https:\/\/www.facebook.com\/AuCalmeReflexologie"]}]}},"_links":{"self":[{"href":"https:\/\/aucalme-reflexologie.com\/index.php\/wp-json\/wp\/v2\/pages\/176","targetHints":{"allow":["GET"]}}],"collection":[{"href":"https:\/\/aucalme-reflexologie.com\/index.php\/wp-json\/wp\/v2\/pages"}],"about":[{"href":"https:\/\/aucalme-reflexologie.com\/index.php\/wp-json\/wp\/v2\/types\/page"}],"author":[{"embeddable":true,"href":"https:\/\/aucalme-reflexologie.com\/index.php\/wp-json\/wp\/v2\/users\/1"}],"replies":[{"embeddable":true,"href":"https:\/\/aucalme-reflexologie.com\/index.php\/wp-json\/wp\/v2\/comments?post=176"}],"version-history":[{"count":47,"href":"https:\/\/aucalme-reflexologie.com\/index.php\/wp-json\/wp\/v2\/pages\/176\/revisions"}],"predecessor-version":[{"id":1754,"href":"https:\/\/aucalme-reflexologie.com\/index.php\/wp-json\/wp\/v2\/pages\/176\/revisions\/1754"}],"wp:attachment":[{"href":"https:\/\/aucalme-reflexologie.com\/index.php\/wp-json\/wp\/v2\/media?parent=176"}],"curies":[{"name":"wp","href":"https:\/\/api.w.org\/{rel}","templated":true}]}}