{"id":182,"date":"2022-04-29T17:14:28","date_gmt":"2022-04-29T15:14:28","guid":{"rendered":"https:\/\/aucalme-reflexologie.com\/?page_id=182"},"modified":"2024-05-15T14:58:15","modified_gmt":"2024-05-15T12:58:15","slug":"tarifs","status":"publish","type":"page","link":"https:\/\/aucalme-reflexologie.com\/index.php\/tarifs\/","title":{"rendered":"Tarifs"},"content":{"rendered":"\n<table>\n\t<tr height=\"40\">\n\t\t<td width=\"2%\"><\/td>\n\t\t<td width=\"50%\" bgcolor=\"#FEED01\"><strong>Prestation<\/strong><\/td>\n\t\t<td width=\"10%\" align=\"center\" bgcolor=\"#FEED01\"><strong>Dur\u00e9e<\/strong><\/td>\n\t\t<td width=\"10%\" align=\"center\" bgcolor=\"#FEED01\"><strong>Tarif<\/strong><\/td>\n\t\t<td width=\"10%\" align=\"center\" bgcolor=\"#FEED01\"><strong>Rendez-vous<\/strong><\/td>\n\t\t<td width=\"2%\"><\/td>\n\t<\/tr>\n<br \/><br \/>\t\n\n\t<tr height=\"40\">\n\t\t<td width=\"2%\"><\/td>\n\t\t<td> <a href=\"https:\/\/aucalme-reflexologie.com\/index.php\/detail_presta#reflexo_plantaire_adulte\" target=\"_blank\" rel=\"noopener\">R\u00e9flexologie plantaire adulte<\/a><\/td>\n\t\t<td align=\"center\">60 min<\/td>\n\t\t<td align=\"center\">60 \u20ac<\/td>\n\t\t<td align=\"center\"><a href=\"https:\/\/aucalme-reflexologie.com\/index.php\/rdv-reflexologie-plantaire-adulte\/\" target=\"_blank\" rel=\"noopener\"><img decoding=\"async\" src=\"https:\/\/aucalme-reflexologie.com\/wp-content\/uploads\/2022\/06\/Agenda_petit.png\"><\/a><\/td>\n\t\t<td width=\"2%\"><\/td>\n\t<\/tr>\n\n\t<tr height=\"40\">\t\n\t\t<td width=\"2%\"><\/td>\n\t\t<td bgcolor=\"#EFEFEF\"><a href=\"https:\/\/aucalme-reflexologie.com\/index.php\/detail_presta#reflexo_palmaire\" target=\"_blank\" rel=\"noopener\">R\u00e9flexologie palmaire<\/td>\n\t\t<td align=\"center\" bgcolor=\"#EFEFEF\">30 min<\/td>\n\t\t<td align=\"center\" bgcolor=\"#EFEFEF\">30 \u20ac<\/td>\n\t\t<td align=\"center\" bgcolor=\"#EFEFEF\"><a href=\"https:\/\/aucalme-reflexologie.com\/index.php\/rdv-reflexologie-palmaire\/\" target=\"_blank\" rel=\"noopener\"><img decoding=\"async\" src=\"https:\/\/aucalme-reflexologie.com\/wp-content\/uploads\/2022\/06\/Agenda_petit.png\"><\/a><\/td>\n\t\t<td width=\"2%\"><\/td>\n\t<\/tr>\n\n\t<tr height=\"40\">\t\n\t\t<td width=\"2%\"><\/td>\n\t\t<td><a href=\"https:\/\/aucalme-reflexologie.com\/index.php\/detail_presta#reflexo_plantaire_adulte\" target=\"_blank\" rel=\"noopener\">R\u00e9flexologie plantaire &#8211; Protocole sp\u00e9cifique &#8211; 30 min<\/a><\/td>\n\t\t<td align=\"center\">30 min<\/td>\n\t\t<td align=\"center\">30 \u20ac<\/td>\n\t\t<td align=\"center\"><a href=\"https:\/\/calendly.com\/aucalme-reflexologie\/reflexologie-plantaire-protocole-specifique-30-min\" target=\"_blank\" rel=\"noopener\"><img decoding=\"async\" src=\"https:\/\/aucalme-reflexologie.com\/wp-content\/uploads\/2022\/06\/Agenda_petit.png\"><\/a><\/td>\n\t\t<td width=\"2%\"><\/td>\n\t<\/tr>\n\n\t<tr height=\"40\">\t\n\t\t<td width=\"2%\"><\/td>\n\t\t<td bgcolor=\"#EFEFEF\"> <a href=\"https:\/\/aucalme-reflexologie.com\/index.php\/detail_presta#reflexo_plantaire_enfant\" target=\"_blank\" rel=\"noopener\">R\u00e9flexologie plantaire enfant 11-17 ans<\/td>\n\t\t<td align=\"center\" bgcolor=\"#EFEFEF\">50 min<\/td>\n\t\t<td align=\"center\" bgcolor=\"#EFEFEF\">50 \u20ac<\/td>\n\t\t<td align=\"center\" bgcolor=\"#EFEFEF\"><a href=\"https:\/\/aucalme-reflexologie.com\/index.php\/rdv-reflexologie-plantaire-enfant-11-17-ans\/\" target=\"_blank\" rel=\"noopener\"><img decoding=\"async\" src=\"https:\/\/aucalme-reflexologie.com\/wp-content\/uploads\/2022\/06\/Agenda_petit.png\"><\/a><\/td>\n\t\t<td width=\"2%\"><\/td>\n\t<\/tr>\n\t\n\t<tr height=\"40\">\t\n\t\t<td width=\"2%\"><\/td>\n\t\t<td><a href=\"https:\/\/aucalme-reflexologie.com\/index.php\/detail_presta#reflexo_plantaire_enfant\" target=\"_blank\" rel=\"noopener\">R\u00e9flexologie plantaire enfant 4-10 ans<\/td>\n\t\t<td align=\"center\">40 min<\/td>\n\t\t<td align=\"center\">40 \u20ac<\/td>\n\t\t<td align=\"center\"><a href=\"https:\/\/aucalme-reflexologie.com\/index.php\/rdv-reflexologie-plantaire-enfant-4-10-ans\/\" target=\"_blank\" rel=\"noopener\"><img decoding=\"async\" src=\"https:\/\/aucalme-reflexologie.com\/wp-content\/uploads\/2022\/06\/Agenda_petit.png\"><\/a><\/td>\n\t\t<td width=\"2%\"><\/td>\n\t<\/tr>\n\t\n\t<tr height=\"40\">\t\n\t\t<td width=\"2%\"><\/td>\n\t\t<td bgcolor=\"#EFEFEF\"><a href=\"https:\/\/aucalme-reflexologie.com\/index.php\/detail_presta#reflexo_plantaire_enfant\" target=\"_blank\" rel=\"noopener\">R\u00e9flexologie plantaire enfant 0-3 ans<\/td>\n\t\t<td align=\"center\" bgcolor=\"#EFEFEF\">20 min<\/td>\n\t\t<td align=\"center\" bgcolor=\"#EFEFEF\">20 \u20ac<\/td>\n\t\t<td align=\"center\" bgcolor=\"#EFEFEF\"><a href=\"https:\/\/aucalme-reflexologie.com\/index.php\/rdv-reflexologie-plantaire-enfant-0-3-ans\/\" target=\"_blank\" rel=\"noopener\"><img decoding=\"async\" src=\"https:\/\/aucalme-reflexologie.com\/wp-content\/uploads\/2022\/06\/Agenda_petit.png\"><\/a><\/td>\n\t\t<td width=\"2%\"><\/td>\n\t<\/tr>\n\n\n\n\t<tr height=\"40\">\t\n\t\t<td width=\"2%\"><\/td>\n\t\t<td><a href=\"https:\/\/aucalme-reflexologie.com\/index.php\/detail_presta#reflexo_facra\" target=\"_blank\" rel=\"noopener\">R\u00e9flexologie faciale et cr\u00e2nienne<\/td>\n\t\t<td align=\"center\">60 min<\/td>\n\t\t<td align=\"center\">60 \u20ac<\/td>\n\t\t<td align=\"center\"><a href=\"https:\/\/aucalme-reflexologie.com\/index.php\/rdv-reflexologie-faciale-et-cranienne\/\" target=\"_blank\" rel=\"noopener\"><img decoding=\"async\" src=\"https:\/\/aucalme-reflexologie.com\/wp-content\/uploads\/2022\/06\/Agenda_petit.png\"><\/a><\/td>\n\t\t<td width=\"2%\"><\/td>\n\t<\/tr>\n\n\t<tr height=\"40\">\t\n\t\t<td width=\"2%\"><\/td>\n\t\t<td bgcolor=\"#EFEFEF\"><a href=\"https:\/\/aucalme-reflexologie.com\/index.php\/detail_presta#reflexo_combinee\" target=\"_blank\" rel=\"noopener\">R\u00e9flexologie combin\u00e9e 1h<\/td>\n\t\t<td align=\"center\" bgcolor=\"#EFEFEF\">60 min<\/td>\n\t\t<td align=\"center\" bgcolor=\"#EFEFEF\">60 \u20ac<\/td>\n\t\t<td align=\"center\" bgcolor=\"#EFEFEF\"><a href=\"https:\/\/aucalme-reflexologie.com\/index.php\/rdv-reflexologie-combinee-60-min\/\" target=\"_blank\" rel=\"noopener\"><img decoding=\"async\" src=\"https:\/\/aucalme-reflexologie.com\/wp-content\/uploads\/2022\/06\/Agenda_petit.png\"><\/a><\/td>\n\t\t<td width=\"2%\"><\/td>\n\t<\/tr>\n\t\n\t<tr height=\"40\">\t\n\t\t<td width=\"2%\"><\/td>\n\t\t<td><a href=\"https:\/\/aucalme-reflexologie.com\/index.php\/detail_presta#reflexo_combinee\" target=\"_blank\" rel=\"noopener\">R\u00e9flexologie combin\u00e9e 1h30<\/td>\n\t\t<td align=\"center\">90 min<\/td>\n\t\t<td align=\"center\">90 \u20ac<\/td>\n\t\t<td align=\"center\"><a href=\"https:\/\/aucalme-reflexologie.com\/index.php\/rdv-reflexologie-combinee-90-min\/\" target=\"_blank\" rel=\"noopener\"><img decoding=\"async\" src=\"https:\/\/aucalme-reflexologie.com\/wp-content\/uploads\/2022\/06\/Agenda_petit.png\"><\/a><\/td>\n\t\t<td width=\"2%\"><\/td>\n\t<\/tr>\n\n\t<tr height=\"40\">\t\n\t\t<td width=\"2%\"><\/td>\n\t\t<td bgcolor=\"#EFEFEF\"> <a href=\"https:\/\/aucalme-reflexologie.com\/index.php\/reflexo-anti-stress\/\" target=\"_blank\" rel=\"noopener\">R\u00e9flexologie anti-stress<\/td>\n\t\t<td align=\"center\" bgcolor=\"#EFEFEF\">2 x 75 min<\/td>\n\t\t<td align=\"center\" bgcolor=\"#EFEFEF\">100 \u20ac<\/td>\n\t\t<td align=\"center\" bgcolor=\"#EFEFEF\"><a href=\"https:\/\/calendly.com\/aucalme-reflexologie\/reflexologie-anti-stress\" target=\"_blank\" rel=\"noopener\"><img decoding=\"async\" src=\"https:\/\/aucalme-reflexologie.com\/wp-content\/uploads\/2022\/06\/Agenda_petit.png\"><\/a><\/td>\n\t\t<td width=\"2%\"><\/td>\n\t<\/tr>\n\n\t<tr height=\"40\">\t\n\t\t<td width=\"2%\"><\/td>\n\t\t<td><a href=\"https:\/\/aucalme-reflexologie.com\/index.php\/la-reflexologie-du-sportif\/\" target=\"_blank\" rel=\"noopener\">R\u00e9flexologie du sportif<\/td>\n\t\t<td align=\"center\">60 min<\/td>\n\t\t<td align=\"center\">60 \u20ac<\/td>\n\t\t<td align=\"center\"><a href=\"https:\/\/calendly.com\/aucalme-reflexologie\/reflexologie-plantaire-adulte-clone\" target=\"_blank\" rel=\"noopener\"><img decoding=\"async\" src=\"https:\/\/aucalme-reflexologie.com\/wp-content\/uploads\/2022\/06\/Agenda_petit.png\"><\/a><\/td>\n\t\t<td width=\"2%\"><\/td>\n\t<\/tr>\n\n\n\n<!--\n<tr height=\"40\">\t\n\t\t<td width=\"2%\"><\/td>\n\t\t<td> <a href=\"https:\/\/aucalme-reflexologie.com\/index.php\/offre-du-mois\/\" target=\"_blank\" rel=\"noopener\">Offre du mois<\/td>\n\t\t<td align=\"center\">60 min<\/td>\n\t\t<td align=\"center\">45 \u20ac<\/td>\n\t\t<td align=\"center\"><a href=\"https:\/\/calendly.com\/aucalme-reflexologie\/offre-du-mois\" target=\"_blank\" rel=\"noopener\"><img decoding=\"async\" src=\"https:\/\/aucalme-reflexologie.com\/wp-content\/uploads\/2022\/06\/Agenda_petit.png\"><\/a><\/td>\n\t\t<td width=\"2%\"><\/td>\n\t<\/tr>-->\n\n\n\n\t<tr height=\"30\">\n\t<\/tr>\n\t\n<tr height=\"40\">\n\t\t<td width=\"2%\"><\/td>\n\t\t<td bgcolor=\"#EFEFEF\"><a href=\"https:\/\/aucalme-reflexologie.com\/index.php\/detail_presta#shiatsu_cranienne\" target=\"_blank\" rel=\"noopener\">Massage combin\u00e9 shiatsu assis et r\u00e9flexologie cr\u00e2nienne<\/td>\n\t\t<td align=\"center\" bgcolor=\"#EFEFEF\">45 min<\/td>\n\t\t<td align=\"center\" bgcolor=\"#EFEFEF\">45 \u20ac<\/td>\n\t\t<td align=\"center\" bgcolor=\"#EFEFEF\"><a href=\"https:\/\/aucalme-reflexologie.com\/index.php\/rdv-massage-combine-shiatsu-et-reflexo-cranienne\/\" target=\"_blank\" rel=\"noopener\"><img decoding=\"async\" src=\"https:\/\/aucalme-reflexologie.com\/wp-content\/uploads\/2022\/06\/Agenda_petit.png\"><\/a><\/td>\n\t\t<td width=\"2%\"><\/td>\n\t<\/tr>\n\n\t<tr height=\"40\">\n\t\t<td width=\"2%\"><\/td>\n\t\t<td><a href=\"https:\/\/aucalme-reflexologie.com\/index.php\/detail_presta#shiatsu_palmaire\" target=\"_blank\" rel=\"noopener\">Massage combin\u00e9 Shiatsu assis et r\u00e9flexologie palmaire<\/td>\n\t\t<td  align=\"center\">45 min<\/td>\n\t\t<td  align=\"center\">45 \u20ac<\/td>\n\t\t<td align=\"center\"><a href=\"https:\/\/aucalme-reflexologie.com\/index.php\/rdv-massage-combine-shiastu-et-reflexo-palmaire\/\" target=\"_blank\" rel=\"noopener\"><img decoding=\"async\" src=\"https:\/\/aucalme-reflexologie.com\/wp-content\/uploads\/2022\/06\/Agenda_petit.png\"><\/a><\/td>\n\t\t<td width=\"2%\"><\/td>\n\t<\/tr>\n\t\n\t\n\t\n\t<tr height=\"20\">\n\t<\/tr>\n\n\t<tr height=\"40\">\n\t\t<td width=\"2%\"><\/td>\n\t\t<td bgcolor=\"#EFEFEF\"><a href=\"https:\/\/aucalme-reflexologie.com\/index.php\/detail_presta#massage_jambes\" target=\"_blank\" rel=\"noopener\">Massage jambes l\u00e9g\u00e8res<\/td>\n\t\t<td align=\"center\" bgcolor=\"#EFEFEF\">30 min<\/td>\n\t\t<td align=\"center\" bgcolor=\"#EFEFEF\">30 \u20ac<\/td>\n\t\t<td align=\"center\" bgcolor=\"#EFEFEF\"><a href=\"https:\/\/aucalme-reflexologie.com\/index.php\/rdv-massage-jambes-legeres\/\" target=\"_blank\" rel=\"noopener\"><img decoding=\"async\" src=\"https:\/\/aucalme-reflexologie.com\/wp-content\/uploads\/2022\/06\/Agenda_petit.png\"><\/a><\/td>\n\t\t<td width=\"2%\"><\/td>\n\t<\/tr>\n\t\n\t<tr height=\"40\">\n\t\t<td width=\"2%\"><\/td>\n\t\t<td> <a href=\"https:\/\/aucalme-reflexologie.com\/index.php\/detail_presta#shiatsu\" target=\"_blank\" rel=\"noopener\">Massage bien-\u00eatre Shiatsu assis<\/td>\n\t\t<td align=\"center\">20 min<\/td>\n\t\t<td align=\"center\">15 \u20ac<\/td>\n\t\t<td align=\"center\"><a href=\"https:\/\/aucalme-reflexologie.com\/index.php\/rdv-massage-shiatsu-assis\/\" target=\"_blank\" rel=\"noopener\"><img decoding=\"async\" src=\"https:\/\/aucalme-reflexologie.com\/wp-content\/uploads\/2022\/06\/Agenda_petit.png\"><\/a><\/td>\n\t\t<td width=\"2%\"><\/td>\n\t<\/tr>\n\t\n\n<\/table>\n\n<table style=\"text-align:justify;\">\n\t<tr>\n\t\t<td width=\"2%\"><\/td>\t\n\t\t<td><br \/><br \/>Possibilit\u00e9 de prendre rendez-vous pour un <strong>soin \u00e0 domicile<\/strong> (par t\u00e9l\u00e9phone uniquement).<br \/>\n\t\t\t<i>* Liste des communes concern\u00e9es par les prestations \u00e0 domicile : Amancy, Arbusigny, Arenthon, Ayze, Bonne, Bonneville, Contamine-sur-Arve, Cornier, Evires, Fillinges, La-Roche-sur-Foron, Pers-Jussy, Reigner, Saint-Laurent, Saint-Pierre-en-Faucigny<\/i><br \/><br \/>\n\t\t\tPour plus d&rsquo;information, n&rsquo;h\u00e9sitez pas \u00e0 <a href=\"https:\/\/aucalme-reflexologie.com\/index.php\/contact\/\" target=\"_blank\" rel=\"noopener\">me contacter<\/a>.\n\t\t<\/td>\n\t\t<td width=\"2%\"><\/td>\n\t<\/tr>\n\t<tr>\n\t\t<td width=\"2%\"><\/td>\n\t\t<td align=\"center\"><br \/><br \/><i>Avant de prendre rendez-vous, pensez \u00e0 bien v\u00e9rifier que vous n&rsquo;avez aucune contre-indication <a href=https:\/\/aucalme-reflexologie.com\/index.php\/les-contres-indications\/>(liste des contre-indications)<\/a>.<\/i><br \/><br \/>\n\t\t<strong>Attention : La r\u00e9flexologie ne se substitue pas \u00e0 la m\u00e9decine conventionnelle. <br \/>Elle ne remplace pas vos traitements en cours, ni vos consultations chez le m\u00e9decin. <br \/>Votre r\u00e9flexologue ne pose aucun diagnostic et n\u2019intervient dans aucune d\u00e9cision m\u00e9dicale.<\/strong>\n\t\t<\/td>\n\t\t<td width=\"2%\"><\/td>\n\t<\/tr>\n<\/table>\n","protected":false},"excerpt":{"rendered":"<p>Prestation Dur\u00e9e Tarif Rendez-vous R\u00e9flexologie<a class=\"read-more\" href=\"https:\/\/aucalme-reflexologie.com\/index.php\/tarifs\/\"> Read More <\/a><\/p>\n","protected":false},"author":1,"featured_media":0,"parent":0,"menu_order":0,"comment_status":"closed","ping_status":"closed","template":"","meta":{"footnotes":""},"class_list":["post-182","page","type-page","status-publish","hentry"],"yoast_head":"<!-- This site is optimized with the Yoast SEO plugin v20.0 - https:\/\/yoast.com\/wordpress\/plugins\/seo\/ -->\n<title>Tarifs - Au calme R\u00e9flexologie<\/title>\n<meta name=\"robots\" content=\"index, follow, max-snippet:-1, max-image-preview:large, max-video-preview:-1\" \/>\n<link rel=\"canonical\" href=\"https:\/\/aucalme-reflexologie.com\/index.php\/tarifs\/\" \/>\n<meta property=\"og:locale\" content=\"fr_FR\" \/>\n<meta property=\"og:type\" content=\"article\" \/>\n<meta property=\"og:title\" content=\"Tarifs - Au calme R\u00e9flexologie\" \/>\n<meta property=\"og:description\" content=\"Prestation Dur\u00e9e Tarif Rendez-vous R\u00e9flexologie Read More\" \/>\n<meta property=\"og:url\" content=\"https:\/\/aucalme-reflexologie.com\/index.php\/tarifs\/\" \/>\n<meta property=\"og:site_name\" content=\"Au calme R\u00e9flexologie\" \/>\n<meta property=\"article:publisher\" content=\"https:\/\/www.facebook.com\/AuCalmeReflexologie\" \/>\n<meta property=\"article:modified_time\" content=\"2024-05-15T12:58:15+00:00\" \/>\n<meta property=\"og:image\" content=\"http:\/\/aucalme-reflexologie.com\/wp-content\/uploads\/2022\/06\/Agenda_petit.png\" \/>\n<meta name=\"twitter:card\" content=\"summary_large_image\" \/>\n<meta name=\"twitter:label1\" content=\"Dur\u00e9e de lecture estim\u00e9e\" \/>\n\t<meta name=\"twitter:data1\" content=\"4 minutes\" \/>\n<script type=\"application\/ld+json\" class=\"yoast-schema-graph\">{\"@context\":\"https:\/\/schema.org\",\"@graph\":[{\"@type\":\"WebPage\",\"@id\":\"https:\/\/aucalme-reflexologie.com\/index.php\/tarifs\/\",\"url\":\"https:\/\/aucalme-reflexologie.com\/index.php\/tarifs\/\",\"name\":\"Tarifs - Au calme R\u00e9flexologie\",\"isPartOf\":{\"@id\":\"https:\/\/aucalme-reflexologie.com\/#website\"},\"datePublished\":\"2022-04-29T15:14:28+00:00\",\"dateModified\":\"2024-05-15T12:58:15+00:00\",\"breadcrumb\":{\"@id\":\"https:\/\/aucalme-reflexologie.com\/index.php\/tarifs\/#breadcrumb\"},\"inLanguage\":\"fr-FR\",\"potentialAction\":[{\"@type\":\"ReadAction\",\"target\":[\"https:\/\/aucalme-reflexologie.com\/index.php\/tarifs\/\"]}]},{\"@type\":\"BreadcrumbList\",\"@id\":\"https:\/\/aucalme-reflexologie.com\/index.php\/tarifs\/#breadcrumb\",\"itemListElement\":[{\"@type\":\"ListItem\",\"position\":1,\"name\":\"Accueil\",\"item\":\"https:\/\/aucalme-reflexologie.com\/\"},{\"@type\":\"ListItem\",\"position\":2,\"name\":\"Tarifs\"}]},{\"@type\":\"WebSite\",\"@id\":\"https:\/\/aucalme-reflexologie.com\/#website\",\"url\":\"https:\/\/aucalme-reflexologie.com\/\",\"name\":\"Au calme R\u00e9flexologie\",\"description\":\"\",\"publisher\":{\"@id\":\"https:\/\/aucalme-reflexologie.com\/#organization\"},\"potentialAction\":[{\"@type\":\"SearchAction\",\"target\":{\"@type\":\"EntryPoint\",\"urlTemplate\":\"https:\/\/aucalme-reflexologie.com\/?s={search_term_string}\"},\"query-input\":\"required name=search_term_string\"}],\"inLanguage\":\"fr-FR\"},{\"@type\":\"Organization\",\"@id\":\"https:\/\/aucalme-reflexologie.com\/#organization\",\"name\":\"Au calme R\u00e9flexologie\",\"alternateName\":\"Au calme R\u00e9flexologie\",\"url\":\"https:\/\/aucalme-reflexologie.com\/\",\"logo\":{\"@type\":\"ImageObject\",\"inLanguage\":\"fr-FR\",\"@id\":\"https:\/\/aucalme-reflexologie.com\/#\/schema\/logo\/image\/\",\"url\":\"https:\/\/aucalme-reflexologie.com\/wp-content\/uploads\/2022\/04\/logoSite180px.png\",\"contentUrl\":\"https:\/\/aucalme-reflexologie.com\/wp-content\/uploads\/2022\/04\/logoSite180px.png\",\"width\":180,\"height\":182,\"caption\":\"Au calme R\u00e9flexologie\"},\"image\":{\"@id\":\"https:\/\/aucalme-reflexologie.com\/#\/schema\/logo\/image\/\"},\"sameAs\":[\"https:\/\/www.instagram.com\/aucalmereflexologie\/\",\"https:\/\/www.facebook.com\/AuCalmeReflexologie\"]}]}<\/script>\n<!-- \/ Yoast SEO plugin. -->","yoast_head_json":{"title":"Tarifs - Au calme R\u00e9flexologie","robots":{"index":"index","follow":"follow","max-snippet":"max-snippet:-1","max-image-preview":"max-image-preview:large","max-video-preview":"max-video-preview:-1"},"canonical":"https:\/\/aucalme-reflexologie.com\/index.php\/tarifs\/","og_locale":"fr_FR","og_type":"article","og_title":"Tarifs - Au calme R\u00e9flexologie","og_description":"Prestation Dur\u00e9e Tarif Rendez-vous R\u00e9flexologie Read More","og_url":"https:\/\/aucalme-reflexologie.com\/index.php\/tarifs\/","og_site_name":"Au calme R\u00e9flexologie","article_publisher":"https:\/\/www.facebook.com\/AuCalmeReflexologie","article_modified_time":"2024-05-15T12:58:15+00:00","og_image":[{"url":"http:\/\/aucalme-reflexologie.com\/wp-content\/uploads\/2022\/06\/Agenda_petit.png"}],"twitter_card":"summary_large_image","twitter_misc":{"Dur\u00e9e de lecture estim\u00e9e":"4 minutes"},"schema":{"@context":"https:\/\/schema.org","@graph":[{"@type":"WebPage","@id":"https:\/\/aucalme-reflexologie.com\/index.php\/tarifs\/","url":"https:\/\/aucalme-reflexologie.com\/index.php\/tarifs\/","name":"Tarifs - Au calme R\u00e9flexologie","isPartOf":{"@id":"https:\/\/aucalme-reflexologie.com\/#website"},"datePublished":"2022-04-29T15:14:28+00:00","dateModified":"2024-05-15T12:58:15+00:00","breadcrumb":{"@id":"https:\/\/aucalme-reflexologie.com\/index.php\/tarifs\/#breadcrumb"},"inLanguage":"fr-FR","potentialAction":[{"@type":"ReadAction","target":["https:\/\/aucalme-reflexologie.com\/index.php\/tarifs\/"]}]},{"@type":"BreadcrumbList","@id":"https:\/\/aucalme-reflexologie.com\/index.php\/tarifs\/#breadcrumb","itemListElement":[{"@type":"ListItem","position":1,"name":"Accueil","item":"https:\/\/aucalme-reflexologie.com\/"},{"@type":"ListItem","position":2,"name":"Tarifs"}]},{"@type":"WebSite","@id":"https:\/\/aucalme-reflexologie.com\/#website","url":"https:\/\/aucalme-reflexologie.com\/","name":"Au calme R\u00e9flexologie","description":"","publisher":{"@id":"https:\/\/aucalme-reflexologie.com\/#organization"},"potentialAction":[{"@type":"SearchAction","target":{"@type":"EntryPoint","urlTemplate":"https:\/\/aucalme-reflexologie.com\/?s={search_term_string}"},"query-input":"required name=search_term_string"}],"inLanguage":"fr-FR"},{"@type":"Organization","@id":"https:\/\/aucalme-reflexologie.com\/#organization","name":"Au calme R\u00e9flexologie","alternateName":"Au calme R\u00e9flexologie","url":"https:\/\/aucalme-reflexologie.com\/","logo":{"@type":"ImageObject","inLanguage":"fr-FR","@id":"https:\/\/aucalme-reflexologie.com\/#\/schema\/logo\/image\/","url":"https:\/\/aucalme-reflexologie.com\/wp-content\/uploads\/2022\/04\/logoSite180px.png","contentUrl":"https:\/\/aucalme-reflexologie.com\/wp-content\/uploads\/2022\/04\/logoSite180px.png","width":180,"height":182,"caption":"Au calme R\u00e9flexologie"},"image":{"@id":"https:\/\/aucalme-reflexologie.com\/#\/schema\/logo\/image\/"},"sameAs":["https:\/\/www.instagram.com\/aucalmereflexologie\/","https:\/\/www.facebook.com\/AuCalmeReflexologie"]}]}},"_links":{"self":[{"href":"https:\/\/aucalme-reflexologie.com\/index.php\/wp-json\/wp\/v2\/pages\/182","targetHints":{"allow":["GET"]}}],"collection":[{"href":"https:\/\/aucalme-reflexologie.com\/index.php\/wp-json\/wp\/v2\/pages"}],"about":[{"href":"https:\/\/aucalme-reflexologie.com\/index.php\/wp-json\/wp\/v2\/types\/page"}],"author":[{"embeddable":true,"href":"https:\/\/aucalme-reflexologie.com\/index.php\/wp-json\/wp\/v2\/users\/1"}],"replies":[{"embeddable":true,"href":"https:\/\/aucalme-reflexologie.com\/index.php\/wp-json\/wp\/v2\/comments?post=182"}],"version-history":[{"count":116,"href":"https:\/\/aucalme-reflexologie.com\/index.php\/wp-json\/wp\/v2\/pages\/182\/revisions"}],"predecessor-version":[{"id":2505,"href":"https:\/\/aucalme-reflexologie.com\/index.php\/wp-json\/wp\/v2\/pages\/182\/revisions\/2505"}],"wp:attachment":[{"href":"https:\/\/aucalme-reflexologie.com\/index.php\/wp-json\/wp\/v2\/media?parent=182"}],"curies":[{"name":"wp","href":"https:\/\/api.w.org\/{rel}","templated":true}]}}