{"id":2077,"date":"2022-11-22T10:04:55","date_gmt":"2022-11-22T09:04:55","guid":{"rendered":"https:\/\/aucalme-reflexologie.com\/?page_id=2077"},"modified":"2024-09-06T16:14:15","modified_gmt":"2024-09-06T14:14:15","slug":"bons-cadeaux","status":"publish","type":"page","link":"https:\/\/aucalme-reflexologie.com\/index.php\/bons-cadeaux\/","title":{"rendered":"Bons cadeaux"},"content":{"rendered":"\n<div class=\"wp-block-columns is-layout-flex wp-container-core-columns-is-layout-9d6595d7 wp-block-columns-is-layout-flex\">\n<div class=\"wp-block-column is-layout-flow wp-block-column-is-layout-flow\" style=\"flex-basis:20%\">\n<figure class=\"wp-block-image size-full is-resized is-style-default\"><img loading=\"lazy\" decoding=\"async\" width=\"304\" height=\"205\" src=\"https:\/\/aucalme-reflexologie.com\/wp-content\/uploads\/2022\/11\/cadeau.png\" alt=\"\" class=\"wp-image-2078\" style=\"width:221px;height:148px\" srcset=\"https:\/\/aucalme-reflexologie.com\/wp-content\/uploads\/2022\/11\/cadeau.png 304w, https:\/\/aucalme-reflexologie.com\/wp-content\/uploads\/2022\/11\/cadeau-300x202.png 300w\" sizes=\"auto, (max-width: 304px) 100vw, 304px\" \/><\/figure>\n<\/div>\n\n\n\n<div class=\"wp-block-column is-layout-flow wp-block-column-is-layout-flow\" style=\"flex-basis:80%\">\n<table  style=\"text-align:justify;\">\n<tr><td width=\"5%\"><\/td>\n<td><p><strong><br \/>A la recherche d\u2019une id\u00e9e cadeau ?<br \/><br \/>\nEt pourquoi ne pas offrir un moment de d\u00e9tente et de bien-\u00eatre ?<br \/><\/strong><\/p><\/td>\n<tr><td width=\"5%\"><\/td>\n<\/table>\n<\/div>\n<\/div>\n\n\n\n<table  style=\"text-align:justify;\">\n<tr>\n<td width=\"5%\"><\/td>\n<td>\nAvec une s\u00e9ance de r\u00e9flexologie plantaire ou de r\u00e9flexologie faciale et cr\u00e2nienne, <br \/>vous offrez un moment de l\u00e2cher prise et de relaxation intense.\n<br \/><br \/>\n<strong>Deux offres vous sont propos\u00e9es :<br \/><br \/><\/strong><\/td>\n<\/tr>\n<\/table>\n\n<table style=\"text-align:justify;\">\n<tr>\n<td width=\"5%\"><\/td>\n<td>\n<ul>\n\t<li><strong>Le coffret cadeau \u2013 60\u20ac :<\/strong><br \/>\n\t\t\t\tBon pour une s\u00e9ance de r\u00e9flexologie + une tisane + une cr\u00e8me pour mains + une bougie parfum\u00e9e.<br \/>\n\t\t\t\tDisponible uniquement sur demande par t\u00e9l\u00e9phone ou par email. Le coffret sera \u00e0 venir chercher au cabinet (pas d\u2019envoi).<br \/><br \/>\nCommande par t\u00e9l\u00e9phone au 07 81 35 38 05 ou via <a href=\"https:\/\/aucalme-reflexologie.com\/index.php\/contact\/\"><strong>le formulaire de contact.<\/strong><\/a><\/li><br \/>\n<\/ul>\n<\/td>\n<td width=\"5%\"><\/td><\/tr>\n<\/table>\n\n<table style=\"text-align:justify;\">\n<tr>\n<td width=\"5%\"><\/td>\n<td>\n<ul>\n<li><strong>Le bon cadeau \u2013 60 \u20ac :<\/strong><br \/>\nBon pour une s\u00e9ance de r\u00e9flexologie.<br \/>\nDisponible en ligne, via un paiement en ligne s\u00e9curis\u00e9 : le bon vous sera envoy\u00e9 par email dans les 24h suivant le paiement.<\/li>\n<\/ul>\n<\/td>\n<td width=\"5%\"><\/td><\/tr>\n<\/table>\n\n\n\n<table style=\"text-align:justify;\">\n<tr><td width=\"5%\"><\/td>\n<td><strong>Commande et paiement en ligne<\/strong><\/td>\n<td width=\"5%\"><\/td><\/tr>\n<\/table>\n\n\n\n<table>\n<tr>\n<td width=\"5%\"><\/td>\n<td>\n<table>\n<tr><td>R\u00e9flexologie plantaire ou faciale et cr\u00e2nienne \u2013 60 min<\/td><\/tr><tr>\n<td><a href=\"https:\/\/www.paypal.com\/ncp\/payment\/DTEE6QVDY389Y\"><img decoding=\"async\" style=\"width:10em;\" src=\"https:\/\/aucalme-reflexologie.com\/wp-content\/uploads\/2024\/09\/bouton-acheter.png\" \/><\/a><\/td><\/tr>\n<\/table>\n<\/td>\n<td width=\"5%\"><\/td>\n<\/tr>\n\t  <\/table>\n\n\n\n<table style=\"text-align:justify;\">\n<tr>\n<td width=\"5%\"><\/td>\n<td><i>(Compte Paypal non obligatoire, cliquer sur \u00ab\u00a0Payer par carte bancaire\u00a0\u00bb)<\/ br><\/ br><br \/><\/i><\/td>\n<td width=\"5%\"><\/td>\n<\/tr>\n<\/table>\n\n\n\n<br \/><p align=\"center\"><\/ br><\/ br><\/ br><\/ br><\/ br>Attention : La r\u00e9flexologie et le shiatsu ne se substituent pas \u00e0 la m\u00e9decine conventionnelle. <br \/>Consulter la <a href=https:\/\/aucalme-reflexologie.com\/index.php\/les-contres-indications\/>liste des contre-indications.<\/p>\n","protected":false},"excerpt":{"rendered":"<p>A la recherche d\u2019une id\u00e9e<a class=\"read-more\" href=\"https:\/\/aucalme-reflexologie.com\/index.php\/bons-cadeaux\/\"> Read More <\/a><\/p>\n","protected":false},"author":1,"featured_media":0,"parent":0,"menu_order":0,"comment_status":"closed","ping_status":"closed","template":"","meta":{"footnotes":""},"class_list":["post-2077","page","type-page","status-publish","hentry"],"yoast_head":"<!-- This site is optimized with the Yoast SEO plugin v20.0 - https:\/\/yoast.com\/wordpress\/plugins\/seo\/ -->\n<title>Bons cadeaux - Au calme R\u00e9flexologie<\/title>\n<meta name=\"robots\" content=\"index, follow, max-snippet:-1, max-image-preview:large, max-video-preview:-1\" \/>\n<link rel=\"canonical\" href=\"https:\/\/aucalme-reflexologie.com\/index.php\/bons-cadeaux\/\" \/>\n<meta property=\"og:locale\" content=\"fr_FR\" \/>\n<meta property=\"og:type\" content=\"article\" \/>\n<meta property=\"og:title\" content=\"Bons cadeaux - Au calme R\u00e9flexologie\" \/>\n<meta property=\"og:description\" content=\"A la recherche d\u2019une id\u00e9e Read More\" \/>\n<meta property=\"og:url\" content=\"https:\/\/aucalme-reflexologie.com\/index.php\/bons-cadeaux\/\" \/>\n<meta property=\"og:site_name\" content=\"Au calme R\u00e9flexologie\" \/>\n<meta property=\"article:publisher\" content=\"https:\/\/www.facebook.com\/AuCalmeReflexologie\" \/>\n<meta property=\"article:modified_time\" content=\"2024-09-06T14:14:15+00:00\" \/>\n<meta property=\"og:image\" content=\"https:\/\/aucalme-reflexologie.com\/wp-content\/uploads\/2022\/11\/cadeau.png\" \/>\n<meta name=\"twitter:card\" content=\"summary_large_image\" \/>\n<meta name=\"twitter:label1\" content=\"Dur\u00e9e de lecture estim\u00e9e\" \/>\n\t<meta name=\"twitter:data1\" content=\"2 minutes\" \/>\n<script type=\"application\/ld+json\" class=\"yoast-schema-graph\">{\"@context\":\"https:\/\/schema.org\",\"@graph\":[{\"@type\":\"WebPage\",\"@id\":\"https:\/\/aucalme-reflexologie.com\/index.php\/bons-cadeaux\/\",\"url\":\"https:\/\/aucalme-reflexologie.com\/index.php\/bons-cadeaux\/\",\"name\":\"Bons cadeaux - Au calme R\u00e9flexologie\",\"isPartOf\":{\"@id\":\"https:\/\/aucalme-reflexologie.com\/#website\"},\"datePublished\":\"2022-11-22T09:04:55+00:00\",\"dateModified\":\"2024-09-06T14:14:15+00:00\",\"breadcrumb\":{\"@id\":\"https:\/\/aucalme-reflexologie.com\/index.php\/bons-cadeaux\/#breadcrumb\"},\"inLanguage\":\"fr-FR\",\"potentialAction\":[{\"@type\":\"ReadAction\",\"target\":[\"https:\/\/aucalme-reflexologie.com\/index.php\/bons-cadeaux\/\"]}]},{\"@type\":\"BreadcrumbList\",\"@id\":\"https:\/\/aucalme-reflexologie.com\/index.php\/bons-cadeaux\/#breadcrumb\",\"itemListElement\":[{\"@type\":\"ListItem\",\"position\":1,\"name\":\"Accueil\",\"item\":\"https:\/\/aucalme-reflexologie.com\/\"},{\"@type\":\"ListItem\",\"position\":2,\"name\":\"Bons cadeaux\"}]},{\"@type\":\"WebSite\",\"@id\":\"https:\/\/aucalme-reflexologie.com\/#website\",\"url\":\"https:\/\/aucalme-reflexologie.com\/\",\"name\":\"Au calme R\u00e9flexologie\",\"description\":\"\",\"publisher\":{\"@id\":\"https:\/\/aucalme-reflexologie.com\/#organization\"},\"potentialAction\":[{\"@type\":\"SearchAction\",\"target\":{\"@type\":\"EntryPoint\",\"urlTemplate\":\"https:\/\/aucalme-reflexologie.com\/?s={search_term_string}\"},\"query-input\":\"required name=search_term_string\"}],\"inLanguage\":\"fr-FR\"},{\"@type\":\"Organization\",\"@id\":\"https:\/\/aucalme-reflexologie.com\/#organization\",\"name\":\"Au calme R\u00e9flexologie\",\"alternateName\":\"Au calme R\u00e9flexologie\",\"url\":\"https:\/\/aucalme-reflexologie.com\/\",\"logo\":{\"@type\":\"ImageObject\",\"inLanguage\":\"fr-FR\",\"@id\":\"https:\/\/aucalme-reflexologie.com\/#\/schema\/logo\/image\/\",\"url\":\"https:\/\/aucalme-reflexologie.com\/wp-content\/uploads\/2022\/04\/logoSite180px.png\",\"contentUrl\":\"https:\/\/aucalme-reflexologie.com\/wp-content\/uploads\/2022\/04\/logoSite180px.png\",\"width\":180,\"height\":182,\"caption\":\"Au calme R\u00e9flexologie\"},\"image\":{\"@id\":\"https:\/\/aucalme-reflexologie.com\/#\/schema\/logo\/image\/\"},\"sameAs\":[\"https:\/\/www.instagram.com\/aucalmereflexologie\/\",\"https:\/\/www.facebook.com\/AuCalmeReflexologie\"]}]}<\/script>\n<!-- \/ Yoast SEO plugin. -->","yoast_head_json":{"title":"Bons cadeaux - Au calme R\u00e9flexologie","robots":{"index":"index","follow":"follow","max-snippet":"max-snippet:-1","max-image-preview":"max-image-preview:large","max-video-preview":"max-video-preview:-1"},"canonical":"https:\/\/aucalme-reflexologie.com\/index.php\/bons-cadeaux\/","og_locale":"fr_FR","og_type":"article","og_title":"Bons cadeaux - Au calme R\u00e9flexologie","og_description":"A la recherche d\u2019une id\u00e9e Read More","og_url":"https:\/\/aucalme-reflexologie.com\/index.php\/bons-cadeaux\/","og_site_name":"Au calme R\u00e9flexologie","article_publisher":"https:\/\/www.facebook.com\/AuCalmeReflexologie","article_modified_time":"2024-09-06T14:14:15+00:00","og_image":[{"url":"https:\/\/aucalme-reflexologie.com\/wp-content\/uploads\/2022\/11\/cadeau.png"}],"twitter_card":"summary_large_image","twitter_misc":{"Dur\u00e9e de lecture estim\u00e9e":"2 minutes"},"schema":{"@context":"https:\/\/schema.org","@graph":[{"@type":"WebPage","@id":"https:\/\/aucalme-reflexologie.com\/index.php\/bons-cadeaux\/","url":"https:\/\/aucalme-reflexologie.com\/index.php\/bons-cadeaux\/","name":"Bons cadeaux - Au calme R\u00e9flexologie","isPartOf":{"@id":"https:\/\/aucalme-reflexologie.com\/#website"},"datePublished":"2022-11-22T09:04:55+00:00","dateModified":"2024-09-06T14:14:15+00:00","breadcrumb":{"@id":"https:\/\/aucalme-reflexologie.com\/index.php\/bons-cadeaux\/#breadcrumb"},"inLanguage":"fr-FR","potentialAction":[{"@type":"ReadAction","target":["https:\/\/aucalme-reflexologie.com\/index.php\/bons-cadeaux\/"]}]},{"@type":"BreadcrumbList","@id":"https:\/\/aucalme-reflexologie.com\/index.php\/bons-cadeaux\/#breadcrumb","itemListElement":[{"@type":"ListItem","position":1,"name":"Accueil","item":"https:\/\/aucalme-reflexologie.com\/"},{"@type":"ListItem","position":2,"name":"Bons cadeaux"}]},{"@type":"WebSite","@id":"https:\/\/aucalme-reflexologie.com\/#website","url":"https:\/\/aucalme-reflexologie.com\/","name":"Au calme R\u00e9flexologie","description":"","publisher":{"@id":"https:\/\/aucalme-reflexologie.com\/#organization"},"potentialAction":[{"@type":"SearchAction","target":{"@type":"EntryPoint","urlTemplate":"https:\/\/aucalme-reflexologie.com\/?s={search_term_string}"},"query-input":"required name=search_term_string"}],"inLanguage":"fr-FR"},{"@type":"Organization","@id":"https:\/\/aucalme-reflexologie.com\/#organization","name":"Au calme R\u00e9flexologie","alternateName":"Au calme R\u00e9flexologie","url":"https:\/\/aucalme-reflexologie.com\/","logo":{"@type":"ImageObject","inLanguage":"fr-FR","@id":"https:\/\/aucalme-reflexologie.com\/#\/schema\/logo\/image\/","url":"https:\/\/aucalme-reflexologie.com\/wp-content\/uploads\/2022\/04\/logoSite180px.png","contentUrl":"https:\/\/aucalme-reflexologie.com\/wp-content\/uploads\/2022\/04\/logoSite180px.png","width":180,"height":182,"caption":"Au calme R\u00e9flexologie"},"image":{"@id":"https:\/\/aucalme-reflexologie.com\/#\/schema\/logo\/image\/"},"sameAs":["https:\/\/www.instagram.com\/aucalmereflexologie\/","https:\/\/www.facebook.com\/AuCalmeReflexologie"]}]}},"_links":{"self":[{"href":"https:\/\/aucalme-reflexologie.com\/index.php\/wp-json\/wp\/v2\/pages\/2077","targetHints":{"allow":["GET"]}}],"collection":[{"href":"https:\/\/aucalme-reflexologie.com\/index.php\/wp-json\/wp\/v2\/pages"}],"about":[{"href":"https:\/\/aucalme-reflexologie.com\/index.php\/wp-json\/wp\/v2\/types\/page"}],"author":[{"embeddable":true,"href":"https:\/\/aucalme-reflexologie.com\/index.php\/wp-json\/wp\/v2\/users\/1"}],"replies":[{"embeddable":true,"href":"https:\/\/aucalme-reflexologie.com\/index.php\/wp-json\/wp\/v2\/comments?post=2077"}],"version-history":[{"count":50,"href":"https:\/\/aucalme-reflexologie.com\/index.php\/wp-json\/wp\/v2\/pages\/2077\/revisions"}],"predecessor-version":[{"id":2518,"href":"https:\/\/aucalme-reflexologie.com\/index.php\/wp-json\/wp\/v2\/pages\/2077\/revisions\/2518"}],"wp:attachment":[{"href":"https:\/\/aucalme-reflexologie.com\/index.php\/wp-json\/wp\/v2\/media?parent=2077"}],"curies":[{"name":"wp","href":"https:\/\/api.w.org\/{rel}","templated":true}]}}