{"id":256,"date":"2022-05-03T16:05:18","date_gmt":"2022-05-03T14:05:18","guid":{"rendered":"https:\/\/aucalme-reflexologie.com\/?page_id=256"},"modified":"2022-09-16T10:00:14","modified_gmt":"2022-09-16T08:00:14","slug":"detail_presta","status":"publish","type":"page","link":"https:\/\/aucalme-reflexologie.com\/index.php\/detail_presta\/","title":{"rendered":"D\u00e9tail des prestations"},"content":{"rendered":"\n<div id=\"reflexo_plantaire_adulte\"><\/div>\n<br \/><br \/><br \/><br \/><br \/><br \/><br \/>\n\n<table style=\"text-align:justify;\">\n\t<tr>\n\t\t<td width=\"5%\"><\/td>\n\t\t<td><strong>R\u00e9flexologie plantaire adulte<\/strong> &#8211; Dur\u00e9e 75 min<br \/><\/td>\n\t\t<td width=\"5%\"><\/td>\n\t<\/tr>\n<\/table>\n\n\n\n<div class=\"wp-block-columns is-layout-flex wp-container-core-columns-is-layout-9d6595d7 wp-block-columns-is-layout-flex\">\n<div class=\"wp-block-column is-layout-flow wp-block-column-is-layout-flow\" style=\"flex-basis:66.66%\">\n<table style=\"text-align:justify;\">\n\t<tr>\n\t\t<td width=\"5%\"><\/td>\n\t\t<td><ul>\n\t\t\t<li> Diminue le stress <\/li>\n\t\t\t<li> Am\u00e9liore le sommeil <\/li>\n\t\t\t<li> Renforce le syst\u00e8me immunitaire <\/li>\n\t\t\t<li> Apaise les tensions et les douleurs <\/li>\n\t\t\t<li> Soulage les troubles digestifs, cardiaques, pulmonaires, urinaires, ost\u00e9oarticulaires ou musculaires. <\/li>\n\t\t\t<li> Am\u00e9liore le sommeil <\/li><div id=\"reflexo_plantaire_enfant\"><\/div>\n\t\t<\/ul><\/td>\n\t<\/tr>\n<\/table>\n<\/div>\n\n\n\n<div class=\"wp-block-column is-layout-flow wp-block-column-is-layout-flow\" style=\"flex-basis:33.33%\">\n<figure class=\"wp-block-image size-large is-resized\"><img loading=\"lazy\" decoding=\"async\" src=\"https:\/\/aucalme-reflexologie.com\/wp-content\/uploads\/2022\/09\/pieds-1024x682.jpg\" alt=\"\" class=\"wp-image-1509\" width=\"241\" height=\"160\"\/><\/figure>\n<\/div>\n<\/div>\n\n\n\n<table style=\"text-align:justify;\">\n\t<tr>\n\t\t<td width=\"5%\"><\/td>\n\t\t<td>(hypertension, hypotension, gastrite, maladie de Crohn, hyperthyro\u00efdie, hypothyro\u00efdie, arthrite, arthrose, tendinite, c\u00e9phal\u00e9es, migraines, maladie de Parkinson, scl\u00e9rose en plaque, m\u00e9nopause, asthme, acouph\u00e8nes, psoriasis, cystite,\u2026)<\/td>\n\t\t<td width=\"5%\"><\/td>\n\t<\/tr>\n\t\t<tr>\n\t\t<td width=\"5%\"><\/td>\n\t\t<td><p align=\"center\"><i><br \/>Avant de prendre rendez-vous, pensez \u00e0 bien v\u00e9rifier que vous n&rsquo;avez aucune contre-indication <a href=\"https:\/\/aucalme-reflexologie.com\/index.php\/les-contre-indications-a-la-reflexologie\/\">(liste des contre-indications)<\/a>.<\/i><\/p><\/td>\n\t\t<td width=\"5%\"><\/td>\n\t<\/tr>\n<\/table>\n\n\n\n<table style=\"text-align:justify;\">\n\t<tr>\n\t\t<td width=\"5%\"><\/td>\n\t\t<td><strong><br \/>R\u00e9flexologie plantaire enfant<\/strong><br><i>Dur\u00e9e selon l&rsquo;\u00e2ge de l&rsquo;enfant (0-3 ans : 20 min \/ 4-11 ans : 45 min \/ 12 &#8211; 17 ans : 60 min)<\/i><br \/><\/td>\n\t\t<td width=\"5%\"><\/td>\n\t<\/tr>\n<\/table>\n\n\n\n<div class=\"wp-block-columns is-layout-flex wp-container-core-columns-is-layout-9d6595d7 wp-block-columns-is-layout-flex\">\n<div class=\"wp-block-column is-layout-flow wp-block-column-is-layout-flow\" style=\"flex-basis:66.66%\">\n<table style=\"text-align:justify;\">\n\t<tr>\n\t\t<td width=\"5%\"><\/td>\n\t\t<td><ul>\n\t\t<li> Diminue le stress <\/li>\n\t\t<li> Am\u00e9liore le sommeil <\/li>\n\t\t<li> Renforce le syst\u00e8me immunitaire <\/li>\n\t\t<li> Apaise les tensions et les douleurs <\/li>\n\t\t<li> Soulage les troubles digestifs, cardiaques, pulmonaires, urinaires, ost\u00e9oarticulaires ou musculaires. <\/li>\n\t\t<li> Am\u00e9liore le sommeil <\/li>\n<div id=\"reflexo_palmaire\"><\/div>\n\t\t<\/ul><\/td>\n\t\t<td width=\"5%\"><\/td>\n\t<\/tr>\t\n<\/table>\n<\/div>\n\n\n\n<div class=\"wp-block-column is-layout-flow wp-block-column-is-layout-flow\" style=\"flex-basis:33.33%\">\n<figure class=\"wp-block-image size-full\"><img loading=\"lazy\" decoding=\"async\" width=\"300\" height=\"200\" src=\"https:\/\/aucalme-reflexologie.com\/wp-content\/uploads\/2022\/05\/pieds_enfants-e1652694811928.webp\" alt=\"\" class=\"wp-image-724\"\/><\/figure>\n<\/div>\n<\/div>\n\n\n\n<table style=\"text-align:justify;\">\n\t<tr>\n\t\t<td width=\"5%\"><\/td>\n\t\t<td>(acn\u00e9, psoriasis, ecz\u00e9ma, constipation, \u00e9nur\u00e9sie, anxi\u00e9t\u00e9, hyperactivit\u00e9, asthme, infection \u00e0 r\u00e9p\u00e9tition, mal des transports,\u2026)<\/td>\n\t\t<td width=\"5%\"><\/td>\n\t<\/tr>\n\t<tr>\n\t\t<td width=\"5%\"><\/td>\n\t\t<td><p align=\"center\"><i><br \/>Avant de prendre rendez-vous, pensez \u00e0 bien v\u00e9rifier que vous n&rsquo;avez aucune contre-indication <a href=\"https:\/\/aucalme-reflexologie.com\/index.php\/les-contre-indications-a-la-reflexologie\/\">(liste des contre-indications)<\/a>.<\/i><\/p><\/td>\n\t\t<td width=\"5%\"><\/td>\n\t<\/tr>\n<\/table>\n\n\n\n<table style=\"text-align:justify;\">\n\t<tr>\n\t\t<td width=\"5%\"><\/td>\n\t\t<td><strong><br \/>R\u00e9flexologie palmaire<\/strong><i> &#8211; Dur\u00e9e 30 min<\/i><br \/><\/td>\n\t\t<td width=\"5%\"><\/td>\n\t<\/tr>\n<\/table>\n\n\n\n<div class=\"wp-block-columns is-layout-flex wp-container-core-columns-is-layout-9d6595d7 wp-block-columns-is-layout-flex\">\n<div class=\"wp-block-column is-layout-flow wp-block-column-is-layout-flow\" style=\"flex-basis:66.66%\">\n<table style=\"text-align:justify;\">\n\t<tr>\n\t\t<td width=\"5%\"><\/td>\n\t\t<td><ul>\n\t\t<li> Diminue le stress <\/li>\n\t\t<li> Am\u00e9liore le sommeil <\/li>\n\t\t<li> Renforce le syst\u00e8me immunitaire <\/li>\n\t\t<li> Apaise les tensions et les douleurs <\/li>\n\t\t<li> Soulage les troubles digestifs, cardiaques, pulmonaires, urinaires, ost\u00e9oarticulaires ou musculaires. <\/li>\n\t\t<li> Am\u00e9liore le sommeil <\/li><div id=\"reflexo_facra\"><\/div>\n\t\t<\/ul><\/td>\n\t\t<td width=\"5%\"><\/td>\n\t<\/tr>\t\n<\/table>\n<\/div>\n\n\n\n<div class=\"wp-block-column is-layout-flow wp-block-column-is-layout-flow\" style=\"flex-basis:33.33%\">\n<figure class=\"wp-block-image size-full\"><img loading=\"lazy\" decoding=\"async\" width=\"150\" height=\"150\" src=\"https:\/\/aucalme-reflexologie.com\/wp-content\/uploads\/2022\/09\/mains-e1662629902960-edited.jpg\" alt=\"\" class=\"wp-image-1586\"\/><\/figure>\n<\/div>\n<\/div>\n\n\n\n<table style=\"text-align:justify;\">\n\t<tr>\n\t\t<td width=\"5%\"><\/td>\n\t\t<td>Id\u00e9al pour les pathologies des mains, des bras et des \u00e9paules telles que les tendinites, le syndrome du canal carpien, la maladie de Raynaud, l&rsquo;arthrose et l&rsquo;arthrite. Soulage \u00e9galement des migraines et autres maux de t\u00eates.<\/td>\n\t\t<td width=\"5%\"><\/td>\n\t<\/tr>\n\t<tr>\n\t\t<td width=\"5%\"><\/td>\n\t\t<td><p align=\"center\"><i><br \/>Avant de prendre rendez-vous, pensez \u00e0 bien v\u00e9rifier que vous n&rsquo;avez aucune contre-indication <a href=\"https:\/\/aucalme-reflexologie.com\/index.php\/les-contre-indications-a-la-reflexologie\/\">(liste des contre-indications)<\/a>.<\/i><\/p><\/td>\n\t\t<td width=\"5%\"><\/td>\n\t<\/tr>\n<\/table>\n\n\n\n<table style=\"text-align:justify;\">\n\t<tr>\n\t\t<td width=\"5%\"><\/td>\n\t\t<td><strong><br \/>R\u00e9flexologie faciale et cr\u00e2nienne<\/strong><i> &#8211; Dur\u00e9e 60 min<\/i><br \/><\/td>\n\t\t<td width=\"5%\"><\/td>\n\t<\/tr>\n<\/table>\n\n\n\n<div class=\"wp-block-columns is-layout-flex wp-container-core-columns-is-layout-9d6595d7 wp-block-columns-is-layout-flex\">\n<div class=\"wp-block-column is-layout-flow wp-block-column-is-layout-flow\" style=\"flex-basis:66.66%\">\n<table style=\"text-align:justify;\">\n\t<tr>\n\t\t<td width=\"5%\"><\/td>\n\t\t<td><ul>\n\t\t\t<li>Apporte une d\u00e9tente profonde physique et psychique<\/li>\n\t\t\t<li>Favorise une lib\u00e9ration et une am\u00e9lioration \u00e9motionnelle<\/li>\n\t\t\t<li>Engendre une sensation de bien-\u00eatre g\u00e9n\u00e9ral<\/li>\n\t\t\t<li>D\u00e9tend les muscles et les fascias du visage<\/li>\n\t\t\t<li>Hydrate la peau et am\u00e9liore la couleur du teint<\/li>\n\t\t\t<li>Active la microcirculation sanguine et lymphatique<\/li>\n<div id=\"reflexo_combinee\"><\/div>\n\t\t<\/ul><\/td>\n\t\t<td width=\"5%\"><\/td>\n\t<\/tr>\t\n<\/table>\n<\/div>\n\n\n\n<div class=\"wp-block-column is-layout-flow wp-block-column-is-layout-flow\" style=\"flex-basis:33.33%\">\n<figure class=\"wp-block-image size-full\"><img loading=\"lazy\" decoding=\"async\" width=\"300\" height=\"200\" src=\"https:\/\/aucalme-reflexologie.com\/wp-content\/uploads\/2022\/09\/web-tete-e1662451580388.jpg\" alt=\"\" class=\"wp-image-1485\"\/><\/figure>\n<\/div>\n<\/div>\n\n\n\n<table style=\"text-align:justify;\">\n\t<tr>\n\t\t<td width=\"5%\"><\/td>\n\t\t<td>(Acouph\u00e8nes ou bourdonnements d\u2019oreilles, troubles ORL, arthrose cervicale, c\u00e9phal\u00e9es et migraines, vertiges, grincement ou serrement des dents, fatigue et tension des yeux, baisse de moral, sinusites aigues ou chroniques, n\u00e9vralgie d\u2019Arnold, stress).<\/td>\n\t\t<td width=\"5%\"><\/td>\n\t<\/tr>\n\t<tr>\n\t\t<td width=\"5%\"><\/td>\n\t\t<td><p align=\"center\"><i><br \/>Avant de prendre rendez-vous, pensez \u00e0 bien v\u00e9rifier que vous n&rsquo;avez aucune contre-indication <a href=\"https:\/\/aucalme-reflexologie.com\/index.php\/les-contre-indications-a-la-reflexologie\/\">(liste des contre-indications)<\/a>.<\/i><\/p><\/td>\n\t\t<td width=\"5%\"><\/td>\n\t<\/tr>\n<\/table>\n\n\n\n<table style=\"text-align:justify;\">\n\t<tr>\n\t\t<td width=\"5%\"><\/td>\n\t\t<td><strong><br \/>R\u00e9flexologie combin\u00e9e<\/strong><i> &#8211; Dur\u00e9e 60 ou 90 min<\/i><br \/><\/td>\n\t\t<td width=\"5%\"><\/td>\n\t<\/tr>\n\t<tr>\n\t\t<td width=\"5%\"><\/td>\n\t\t<td>Association de plusieurs types de r\u00e9flexologie (plantaire, palmaire, faciale et\/ou cr\u00e2nienne) en fonction du souhait et des besoins de la personne.<\/td><div id=\"shiatsu\"><\/div>\n\t\t<td width=\"5%\"><\/td>\n\t<\/tr>\n\t<tr>\n\t\t<td width=\"5%\"><\/td>\n\t\t<td><p align=\"center\"><i><br \/>Avant de prendre rendez-vous, pensez \u00e0 bien v\u00e9rifier que vous n&rsquo;avez aucune contre-indication <a href=\"https:\/\/aucalme-reflexologie.com\/index.php\/les-contre-indications-a-la-reflexologie\/\">(liste des contre-indications)<\/a>.<\/i><\/p><\/td>\n\t\t<td width=\"5%\"><\/td>\n\t<\/tr>\n<\/table>\n\n\n\n<table style=\"text-align:justify;\">\n\t<tr>\n\t\t<td width=\"5%\"><\/td><div id=\"shiatsu_palmaire\"><\/div>\n\t\t<td><strong><br \/>Massage bien-\u00eatre Shiatsu assis<\/strong><i> &#8211; Dur\u00e9e 20 min<\/i><br \/><\/td>\n\t\t<td width=\"5%\"><\/td>\n\t<\/tr>\n<\/table>\n\n\n\n<div class=\"wp-block-columns is-layout-flex wp-container-core-columns-is-layout-9d6595d7 wp-block-columns-is-layout-flex\">\n<div class=\"wp-block-column is-layout-flow wp-block-column-is-layout-flow\" style=\"flex-basis:66.66%\">\n<table style=\"text-align:justify;\">\n\t<tr>\n\t\t<td width=\"5%\"><\/td>\n\t\t<td>Massage de relaxation qui apporte \u00e0 la fois vitalit\u00e9, d\u00e9tente et bien-\u00eatre.<br \/><br \/>Il s\u2019effectue avec une chaise ergonomique sp\u00e9cifique et au travers des v\u00eatements et dure 20 minutes.\n\t\tVoir le descriptif.<\/td>\n\t\t<td width=\"5%\"><\/td>\n\t<\/tr>\n<\/table>\n<\/div>\n\n\n\n<div class=\"wp-block-column is-layout-flow wp-block-column-is-layout-flow\" style=\"flex-basis:33.33%\">\n<figure class=\"wp-block-image size-full\"><img loading=\"lazy\" decoding=\"async\" width=\"200\" height=\"148\" src=\"https:\/\/aucalme-reflexologie.com\/wp-content\/uploads\/2022\/09\/shiatsu2-e1662629961932.jpg\" alt=\"\" class=\"wp-image-1513\"\/><\/figure>\n<\/div>\n<\/div>\n\n\n\n<table style=\"text-align:justify;\">\n\t<tr>\t\n\t\t<td width=\"5%\"><\/td>\t\n\t\t<td><p align=\"center\"><i>Avant de prendre rendez-vous, pensez \u00e0 bien v\u00e9rifier que vous n&rsquo;avez aucune contre-indication <a href=\"https:\/\/aucalme-reflexologie.com\/index.php\/shiatsu-assis\/\">(liste des contre-indications)<\/a>.<\/i><\/p><\/td>\n\t\t<td width=\"5%\"><\/td>\n\t<\/tr>\n<\/table>\n\n\n\n<table style=\"text-align:justify;\">\n\t<tr>\n\t\t<td width=\"5%\"><\/td>\n\t\t<td><strong><br \/>Massage combin\u00e9 Shiatsu assis et r\u00e9flexologie palmaire<\/strong><i> &#8211; Dur\u00e9e 40 min<\/i><br \/><\/td><div id=\"shiatsu_cranienne\"><\/div>\n\t\t<td width=\"5%\"><\/td>\n\t<\/tr>\n\t<tr>\n\t\t<td width=\"5%\"><\/td>\n\t\t<td>Association de deux techniques pour une d\u00e9tente maximale.<\/td>\n\t\t<td width=\"5%\"><\/td>\n\t<\/tr>\n\t<tr>\n\t\t<td width=\"5%\"><\/td>\n\t\t<td><p align=\"center\"><i><br \/>Avant de prendre rendez-vous, pensez \u00e0 bien v\u00e9rifier que vous n&rsquo;avez aucune contre-indication <a href=\"https:\/\/aucalme-reflexologie.com\/index.php\/les-contres-indications\/\">(liste des contre-indications)<\/a>.<\/i><\/p><\/td>\n\t\t<td width=\"5%\"><\/td>\n\t<\/tr>\n<\/table>\n\n\n\n<table style=\"text-align:justify;\">\n\t<tr>\n\t\t<td width=\"5%\"><\/td>\n\t\t<td><strong><br \/>Massage combin\u00e9 Shiatsu assis et r\u00e9flexologie cr\u00e2nienne<\/strong><i> &#8211; Dur\u00e9e 40 min<\/i><br \/><\/td>\n\t\t<td width=\"5%\"><\/td>\n\t<\/tr>\n\t<tr>\n\t\t<td width=\"5%\"><\/td>\n\t\t<td>Association de deux techniques pour une d\u00e9tente maximale.<\/td><div id=\"massage_jambes\"><\/div>\n\t\t<td width=\"5%\"><\/td>\n\t<\/tr>\n\t<tr>\n\t\t<td width=\"5%\"><\/td>\n\t\t<td><p align=\"center\"><i><br \/>Avant de prendre rendez-vous, pensez \u00e0 bien v\u00e9rifier que vous n&rsquo;avez aucune contre-indication <a href=\"https:\/\/aucalme-reflexologie.com\/index.php\/les-contres-indications\/\">(liste des contre-indications)<\/a>.<\/i><\/p><\/td>\n\t\t<td width=\"5%\"><\/td>\n\t<\/tr>\n<\/table>\n\n\n\n<table style=\"text-align:justify;\">\n\t<tr>\n\t\t<td width=\"5%\"><\/td>\n\t\t<td><strong><br \/>Massage jambes l\u00e9g\u00e8res<\/strong><i> &#8211; Dur\u00e9e 30 min<\/i><br \/><\/td>\n\t\t<td width=\"5%\"><\/td>\n\t<\/tr>\n\t<tr>\n\t\t<td width=\"5%\"><\/td>\n\t\t<td>Pour les personnes souffrant de sensations de jambes lourdes, d\u2019\u0153d\u00e8me des membres inf\u00e9rieurs et les femmes enceintes d\u00e8s le d\u00e9but de la grossesse.<\/td>\n\t\t<td width=\"5%\"><\/td>\n\t<\/tr>\n\t<tr>\n\t\t<td width=\"5%\"><\/td>\n\t\t<td><p align=\"center\"><i><br \/>Avant de prendre rendez-vous, pensez \u00e0 bien v\u00e9rifier que vous n&rsquo;avez aucune contre-indication <a href=\"https:\/\/aucalme-reflexologie.com\/index.php\/les-contres-indications\/\">(liste des contre-indications)<\/a>.<\/i><\/p><\/td>\n\t\t<td width=\"5%\"><\/td>\n\t<\/tr>\n<\/table>\n","protected":false},"excerpt":{"rendered":"<p>R\u00e9flexologie plantaire adulte &#8211; Dur\u00e9e<a class=\"read-more\" href=\"https:\/\/aucalme-reflexologie.com\/index.php\/detail_presta\/\"> Read More <\/a><\/p>\n","protected":false},"author":1,"featured_media":0,"parent":0,"menu_order":0,"comment_status":"closed","ping_status":"closed","template":"","meta":{"footnotes":""},"class_list":["post-256","page","type-page","status-publish","hentry"],"yoast_head":"<!-- This site is optimized with the Yoast SEO plugin v20.0 - https:\/\/yoast.com\/wordpress\/plugins\/seo\/ -->\n<title>D\u00e9tail des prestations - Au calme R\u00e9flexologie<\/title>\n<meta name=\"robots\" content=\"index, follow, max-snippet:-1, max-image-preview:large, max-video-preview:-1\" \/>\n<link rel=\"canonical\" href=\"https:\/\/aucalme-reflexologie.com\/index.php\/detail_presta\/\" \/>\n<meta property=\"og:locale\" content=\"fr_FR\" \/>\n<meta property=\"og:type\" content=\"article\" \/>\n<meta property=\"og:title\" content=\"D\u00e9tail des prestations - Au calme R\u00e9flexologie\" \/>\n<meta property=\"og:description\" content=\"R\u00e9flexologie plantaire adulte &#8211; Dur\u00e9e Read More\" \/>\n<meta property=\"og:url\" content=\"https:\/\/aucalme-reflexologie.com\/index.php\/detail_presta\/\" \/>\n<meta property=\"og:site_name\" content=\"Au calme R\u00e9flexologie\" \/>\n<meta property=\"article:publisher\" content=\"https:\/\/www.facebook.com\/AuCalmeReflexologie\" \/>\n<meta property=\"article:modified_time\" content=\"2022-09-16T08:00:14+00:00\" \/>\n<meta property=\"og:image\" content=\"https:\/\/aucalme-reflexologie.com\/wp-content\/uploads\/2022\/09\/pieds-1024x682.jpg\" \/>\n<meta name=\"twitter:card\" content=\"summary_large_image\" \/>\n<meta name=\"twitter:label1\" content=\"Dur\u00e9e de lecture estim\u00e9e\" \/>\n\t<meta name=\"twitter:data1\" content=\"3 minutes\" \/>\n<script type=\"application\/ld+json\" class=\"yoast-schema-graph\">{\"@context\":\"https:\/\/schema.org\",\"@graph\":[{\"@type\":\"WebPage\",\"@id\":\"https:\/\/aucalme-reflexologie.com\/index.php\/detail_presta\/\",\"url\":\"https:\/\/aucalme-reflexologie.com\/index.php\/detail_presta\/\",\"name\":\"D\u00e9tail des prestations - Au calme R\u00e9flexologie\",\"isPartOf\":{\"@id\":\"https:\/\/aucalme-reflexologie.com\/#website\"},\"datePublished\":\"2022-05-03T14:05:18+00:00\",\"dateModified\":\"2022-09-16T08:00:14+00:00\",\"breadcrumb\":{\"@id\":\"https:\/\/aucalme-reflexologie.com\/index.php\/detail_presta\/#breadcrumb\"},\"inLanguage\":\"fr-FR\",\"potentialAction\":[{\"@type\":\"ReadAction\",\"target\":[\"https:\/\/aucalme-reflexologie.com\/index.php\/detail_presta\/\"]}]},{\"@type\":\"BreadcrumbList\",\"@id\":\"https:\/\/aucalme-reflexologie.com\/index.php\/detail_presta\/#breadcrumb\",\"itemListElement\":[{\"@type\":\"ListItem\",\"position\":1,\"name\":\"Accueil\",\"item\":\"https:\/\/aucalme-reflexologie.com\/\"},{\"@type\":\"ListItem\",\"position\":2,\"name\":\"D\u00e9tail des prestations\"}]},{\"@type\":\"WebSite\",\"@id\":\"https:\/\/aucalme-reflexologie.com\/#website\",\"url\":\"https:\/\/aucalme-reflexologie.com\/\",\"name\":\"Au calme R\u00e9flexologie\",\"description\":\"\",\"publisher\":{\"@id\":\"https:\/\/aucalme-reflexologie.com\/#organization\"},\"potentialAction\":[{\"@type\":\"SearchAction\",\"target\":{\"@type\":\"EntryPoint\",\"urlTemplate\":\"https:\/\/aucalme-reflexologie.com\/?s={search_term_string}\"},\"query-input\":\"required name=search_term_string\"}],\"inLanguage\":\"fr-FR\"},{\"@type\":\"Organization\",\"@id\":\"https:\/\/aucalme-reflexologie.com\/#organization\",\"name\":\"Au calme R\u00e9flexologie\",\"alternateName\":\"Au calme R\u00e9flexologie\",\"url\":\"https:\/\/aucalme-reflexologie.com\/\",\"logo\":{\"@type\":\"ImageObject\",\"inLanguage\":\"fr-FR\",\"@id\":\"https:\/\/aucalme-reflexologie.com\/#\/schema\/logo\/image\/\",\"url\":\"https:\/\/aucalme-reflexologie.com\/wp-content\/uploads\/2022\/04\/logoSite180px.png\",\"contentUrl\":\"https:\/\/aucalme-reflexologie.com\/wp-content\/uploads\/2022\/04\/logoSite180px.png\",\"width\":180,\"height\":182,\"caption\":\"Au calme R\u00e9flexologie\"},\"image\":{\"@id\":\"https:\/\/aucalme-reflexologie.com\/#\/schema\/logo\/image\/\"},\"sameAs\":[\"https:\/\/www.instagram.com\/aucalmereflexologie\/\",\"https:\/\/www.facebook.com\/AuCalmeReflexologie\"]}]}<\/script>\n<!-- \/ Yoast SEO plugin. -->","yoast_head_json":{"title":"D\u00e9tail des prestations - Au calme R\u00e9flexologie","robots":{"index":"index","follow":"follow","max-snippet":"max-snippet:-1","max-image-preview":"max-image-preview:large","max-video-preview":"max-video-preview:-1"},"canonical":"https:\/\/aucalme-reflexologie.com\/index.php\/detail_presta\/","og_locale":"fr_FR","og_type":"article","og_title":"D\u00e9tail des prestations - Au calme R\u00e9flexologie","og_description":"R\u00e9flexologie plantaire adulte &#8211; Dur\u00e9e Read More","og_url":"https:\/\/aucalme-reflexologie.com\/index.php\/detail_presta\/","og_site_name":"Au calme R\u00e9flexologie","article_publisher":"https:\/\/www.facebook.com\/AuCalmeReflexologie","article_modified_time":"2022-09-16T08:00:14+00:00","og_image":[{"url":"https:\/\/aucalme-reflexologie.com\/wp-content\/uploads\/2022\/09\/pieds-1024x682.jpg"}],"twitter_card":"summary_large_image","twitter_misc":{"Dur\u00e9e de lecture estim\u00e9e":"3 minutes"},"schema":{"@context":"https:\/\/schema.org","@graph":[{"@type":"WebPage","@id":"https:\/\/aucalme-reflexologie.com\/index.php\/detail_presta\/","url":"https:\/\/aucalme-reflexologie.com\/index.php\/detail_presta\/","name":"D\u00e9tail des prestations - Au calme R\u00e9flexologie","isPartOf":{"@id":"https:\/\/aucalme-reflexologie.com\/#website"},"datePublished":"2022-05-03T14:05:18+00:00","dateModified":"2022-09-16T08:00:14+00:00","breadcrumb":{"@id":"https:\/\/aucalme-reflexologie.com\/index.php\/detail_presta\/#breadcrumb"},"inLanguage":"fr-FR","potentialAction":[{"@type":"ReadAction","target":["https:\/\/aucalme-reflexologie.com\/index.php\/detail_presta\/"]}]},{"@type":"BreadcrumbList","@id":"https:\/\/aucalme-reflexologie.com\/index.php\/detail_presta\/#breadcrumb","itemListElement":[{"@type":"ListItem","position":1,"name":"Accueil","item":"https:\/\/aucalme-reflexologie.com\/"},{"@type":"ListItem","position":2,"name":"D\u00e9tail des prestations"}]},{"@type":"WebSite","@id":"https:\/\/aucalme-reflexologie.com\/#website","url":"https:\/\/aucalme-reflexologie.com\/","name":"Au calme R\u00e9flexologie","description":"","publisher":{"@id":"https:\/\/aucalme-reflexologie.com\/#organization"},"potentialAction":[{"@type":"SearchAction","target":{"@type":"EntryPoint","urlTemplate":"https:\/\/aucalme-reflexologie.com\/?s={search_term_string}"},"query-input":"required name=search_term_string"}],"inLanguage":"fr-FR"},{"@type":"Organization","@id":"https:\/\/aucalme-reflexologie.com\/#organization","name":"Au calme R\u00e9flexologie","alternateName":"Au calme R\u00e9flexologie","url":"https:\/\/aucalme-reflexologie.com\/","logo":{"@type":"ImageObject","inLanguage":"fr-FR","@id":"https:\/\/aucalme-reflexologie.com\/#\/schema\/logo\/image\/","url":"https:\/\/aucalme-reflexologie.com\/wp-content\/uploads\/2022\/04\/logoSite180px.png","contentUrl":"https:\/\/aucalme-reflexologie.com\/wp-content\/uploads\/2022\/04\/logoSite180px.png","width":180,"height":182,"caption":"Au calme R\u00e9flexologie"},"image":{"@id":"https:\/\/aucalme-reflexologie.com\/#\/schema\/logo\/image\/"},"sameAs":["https:\/\/www.instagram.com\/aucalmereflexologie\/","https:\/\/www.facebook.com\/AuCalmeReflexologie"]}]}},"_links":{"self":[{"href":"https:\/\/aucalme-reflexologie.com\/index.php\/wp-json\/wp\/v2\/pages\/256","targetHints":{"allow":["GET"]}}],"collection":[{"href":"https:\/\/aucalme-reflexologie.com\/index.php\/wp-json\/wp\/v2\/pages"}],"about":[{"href":"https:\/\/aucalme-reflexologie.com\/index.php\/wp-json\/wp\/v2\/types\/page"}],"author":[{"embeddable":true,"href":"https:\/\/aucalme-reflexologie.com\/index.php\/wp-json\/wp\/v2\/users\/1"}],"replies":[{"embeddable":true,"href":"https:\/\/aucalme-reflexologie.com\/index.php\/wp-json\/wp\/v2\/comments?post=256"}],"version-history":[{"count":193,"href":"https:\/\/aucalme-reflexologie.com\/index.php\/wp-json\/wp\/v2\/pages\/256\/revisions"}],"predecessor-version":[{"id":1850,"href":"https:\/\/aucalme-reflexologie.com\/index.php\/wp-json\/wp\/v2\/pages\/256\/revisions\/1850"}],"wp:attachment":[{"href":"https:\/\/aucalme-reflexologie.com\/index.php\/wp-json\/wp\/v2\/media?parent=256"}],"curies":[{"name":"wp","href":"https:\/\/api.w.org\/{rel}","templated":true}]}}