{"id":270,"date":"2022-05-03T21:15:17","date_gmt":"2022-05-03T19:15:17","guid":{"rendered":"https:\/\/aucalme-reflexologie.com\/index.php\/colibri-wp\/"},"modified":"2025-01-21T15:41:26","modified_gmt":"2025-01-21T14:41:26","slug":"colibri-wp","status":"publish","type":"page","link":"https:\/\/aucalme-reflexologie.com\/","title":{"rendered":"Accueil"},"content":{"rendered":"\n<Table style=\"text-align:justify;\">\n\t<tr>\n\t\t<td width=\"5%\"><\/td>\n\t\t<td><strong><br \/><br \/>Bienvenue sur le site d\u2019Au Calme R\u00e9flexologie.<br \/><br \/><\/strong><\/td>\n\t\t<td width=\"5%\"><\/td>\n\t<\/tr>\n<\/table>\n\n\n\n<div class=\"wp-block-columns is-layout-flex wp-container-core-columns-is-layout-9d6595d7 wp-block-columns-is-layout-flex\">\n<div class=\"wp-block-column is-layout-flow wp-block-column-is-layout-flow\" style=\"flex-basis:66.66%\">\n<Table style=\"text-align:justify;\">\n\t<tr>\n\t\t<td width=\"5%\"><\/td>\n\t\t<td><br \/>Je vous accueille \u00e0 mon cabinet \u00e0 Amancy ou je me d\u00e9place \u00e0 votre domicile, du lundi au samedi matin (hors mercredi), sur <a href=\"https:\/\/aucalme-reflexologie.com\/index.php\/Calendly\/\" target=\"_blank\" rel=\"noopener\">rendez-vous<\/a> uniquement.\n\t\t\t<br \/><br \/>\n<b>Vous pouvez prendre rendez-vous <a href=\"https:\/\/aucalme-reflexologie.com\/index.php\/Calendly\/\" target=\"_blank\" rel=\"noopener\">en ligne<\/a> ou par <a href=\"https:\/\/aucalme-reflexologie.com\/index.php\/contact\/\" target=\"_blank\" rel=\"noopener\">t\u00e9l\u00e9phone<\/a>.<br \/>\n<\/b>\n\n\n<\/td>\n\t\t<td width=\"5%\"><\/td>\n\t<\/tr>\n<\/table>\n<\/div>\n\n\n\n<div class=\"wp-block-column is-layout-flow wp-block-column-is-layout-flow\" style=\"flex-basis:33.33%\">\n<figure class=\"wp-block-image size-large is-resized\"><img loading=\"lazy\" decoding=\"async\" width=\"1024\" height=\"768\" src=\"https:\/\/aucalme-reflexologie.com\/wp-content\/uploads\/2022\/09\/moi2-edited-1024x768.jpg\" alt=\"\" class=\"wp-image-1863\" style=\"width:234px;height:176px\" srcset=\"https:\/\/aucalme-reflexologie.com\/wp-content\/uploads\/2022\/09\/moi2-edited-1024x768.jpg 1024w, https:\/\/aucalme-reflexologie.com\/wp-content\/uploads\/2022\/09\/moi2-edited-300x225.jpg 300w, https:\/\/aucalme-reflexologie.com\/wp-content\/uploads\/2022\/09\/moi2-edited-768x576.jpg 768w, https:\/\/aucalme-reflexologie.com\/wp-content\/uploads\/2022\/09\/moi2-edited.jpg 1187w\" sizes=\"auto, (max-width: 1024px) 100vw, 1024px\" \/><\/figure>\n<\/div>\n<\/div>\n\n\n\n<table style=\"text-align:justify;\">\n<tr>\n<td width=\"5%\"><\/td>\n<td>\n<strong>Les coffrets cadeaux sont disponibles toute l&rsquo;ann\u00e9e ! <\/strong>\n<br \/>Pensez \u00e0 offrir un moment de d\u00e9tente et de bien-\u00eatre \u00e0 ceux que vous aimez.\n<br \/>\nPour plus d&rsquo;information,<a href=\"https:\/\/aucalme-reflexologie.com\/index.php\/bons-cadeaux\/\"><strong> cliquer ici.<\/strong><br \/><br \/><\/a>\n<\/td>\n<td width=\"5%\"><\/td><\/tr>\n<\/table>\n<td width=\"5%\"><\/td><\/tr>\n<\/table>\n\n\n\n<Table style=\"text-align:justify;\">\n<tr>\n<td width=\"5%\"><\/td>\n<td>Retrouvez-moi \u00e9galement sur les r\u00e9seaux sociaux : <a href=\"https:\/\/www.facebook.com\/AuCalmeReflexologie\" target=\"_blank\" rel=\"noopener\"><img decoding=\"async\" src=\"https:\/\/aucalme-reflexologie.com\/wp-content\/uploads\/2022\/09\/logo_FB-e1662465505421.png\"><\/a> <a href=\"https:\/\/www.instagram.com\/aucalmereflexologie\/\" target=\"_blank\" rel=\"noopener\"><img decoding=\"async\" src=\"https:\/\/aucalme-reflexologie.com\/wp-content\/uploads\/2022\/09\/instagram-e1662638121980.jpg\"><\/a><\/td>\n<td width=\"5%\"><\/td>\n\t<\/tr>\n<\/table>\n\n\n\n<Table style=\"text-align:justify;\">\n<tr>\n<td width=\"5%\"><\/td>\n<td><img decoding=\"async\" src=\"https:\/\/aucalme-reflexologie.com\/wp-content\/uploads\/2025\/01\/LOGO-RESEAU-EMOI_fond-blanc_petit.png\"><\/a> \n<\/td> \n<td>Retrouvez les informations du r\u00e9seau EMOI sur leur <a href=\"https:\/\/reseau-emoi.fr\/\" target=\"_blank\" rel=\"noopener\"> site internet <\/a> et sur Facebook <a href=\"https:\/\/www.facebook.com\/Reseau.EMOI\" target=\"_blank\" rel=\"noopener\"><img decoding=\"async\" src=\"https:\/\/aucalme-reflexologie.com\/wp-content\/uploads\/2022\/09\/logo_FB-e1662465505421.png\"><\/a> <\/td>\n<td width=\"5%\"><\/td>\n\t<\/tr>\n<\/table>\n","protected":false},"excerpt":{"rendered":"<p>Bienvenue sur le site d\u2019Au<a class=\"read-more\" href=\"https:\/\/aucalme-reflexologie.com\/\"> Read More <\/a><\/p>\n","protected":false},"author":1,"featured_media":0,"parent":0,"menu_order":0,"comment_status":"closed","ping_status":"closed","template":"page-templates\/homepage.php","meta":{"footnotes":""},"class_list":["post-270","page","type-page","status-publish","hentry"],"yoast_head":"<!-- This site is optimized with the Yoast SEO plugin v20.0 - https:\/\/yoast.com\/wordpress\/plugins\/seo\/ -->\n<title>Accueil - Au calme R\u00e9flexologie<\/title>\n<meta name=\"robots\" content=\"index, follow, max-snippet:-1, max-image-preview:large, max-video-preview:-1\" \/>\n<link rel=\"canonical\" href=\"https:\/\/aucalme-reflexologie.com\/\" \/>\n<meta property=\"og:locale\" content=\"fr_FR\" \/>\n<meta property=\"og:type\" content=\"article\" \/>\n<meta property=\"og:title\" content=\"Accueil - Au calme R\u00e9flexologie\" \/>\n<meta property=\"og:description\" content=\"Bienvenue sur le site d\u2019Au Read More\" \/>\n<meta property=\"og:url\" content=\"https:\/\/aucalme-reflexologie.com\/\" \/>\n<meta property=\"og:site_name\" content=\"Au calme R\u00e9flexologie\" \/>\n<meta property=\"article:publisher\" content=\"https:\/\/www.facebook.com\/AuCalmeReflexologie\" \/>\n<meta property=\"article:modified_time\" content=\"2025-01-21T14:41:26+00:00\" \/>\n<meta property=\"og:image\" content=\"https:\/\/aucalme-reflexologie.com\/wp-content\/uploads\/2022\/09\/moi2-edited-1024x768.jpg\" \/>\n<meta name=\"twitter:card\" content=\"summary_large_image\" \/>\n<meta name=\"twitter:label1\" content=\"Dur\u00e9e de lecture estim\u00e9e\" \/>\n\t<meta name=\"twitter:data1\" content=\"2 minutes\" \/>\n<script type=\"application\/ld+json\" class=\"yoast-schema-graph\">{\"@context\":\"https:\/\/schema.org\",\"@graph\":[{\"@type\":\"WebPage\",\"@id\":\"https:\/\/aucalme-reflexologie.com\/\",\"url\":\"https:\/\/aucalme-reflexologie.com\/\",\"name\":\"Accueil - Au calme R\u00e9flexologie\",\"isPartOf\":{\"@id\":\"https:\/\/aucalme-reflexologie.com\/#website\"},\"datePublished\":\"2022-05-03T19:15:17+00:00\",\"dateModified\":\"2025-01-21T14:41:26+00:00\",\"breadcrumb\":{\"@id\":\"https:\/\/aucalme-reflexologie.com\/#breadcrumb\"},\"inLanguage\":\"fr-FR\",\"potentialAction\":[{\"@type\":\"ReadAction\",\"target\":[\"https:\/\/aucalme-reflexologie.com\/\"]}]},{\"@type\":\"BreadcrumbList\",\"@id\":\"https:\/\/aucalme-reflexologie.com\/#breadcrumb\",\"itemListElement\":[{\"@type\":\"ListItem\",\"position\":1,\"name\":\"Accueil\",\"item\":\"https:\/\/aucalme-reflexologie.com\/\"},{\"@type\":\"ListItem\",\"position\":2,\"name\":\"Accueil\"}]},{\"@type\":\"WebSite\",\"@id\":\"https:\/\/aucalme-reflexologie.com\/#website\",\"url\":\"https:\/\/aucalme-reflexologie.com\/\",\"name\":\"Au calme R\u00e9flexologie\",\"description\":\"\",\"publisher\":{\"@id\":\"https:\/\/aucalme-reflexologie.com\/#organization\"},\"potentialAction\":[{\"@type\":\"SearchAction\",\"target\":{\"@type\":\"EntryPoint\",\"urlTemplate\":\"https:\/\/aucalme-reflexologie.com\/?s={search_term_string}\"},\"query-input\":\"required name=search_term_string\"}],\"inLanguage\":\"fr-FR\"},{\"@type\":\"Organization\",\"@id\":\"https:\/\/aucalme-reflexologie.com\/#organization\",\"name\":\"Au calme R\u00e9flexologie\",\"alternateName\":\"Au calme R\u00e9flexologie\",\"url\":\"https:\/\/aucalme-reflexologie.com\/\",\"logo\":{\"@type\":\"ImageObject\",\"inLanguage\":\"fr-FR\",\"@id\":\"https:\/\/aucalme-reflexologie.com\/#\/schema\/logo\/image\/\",\"url\":\"https:\/\/aucalme-reflexologie.com\/wp-content\/uploads\/2022\/04\/logoSite180px.png\",\"contentUrl\":\"https:\/\/aucalme-reflexologie.com\/wp-content\/uploads\/2022\/04\/logoSite180px.png\",\"width\":180,\"height\":182,\"caption\":\"Au calme R\u00e9flexologie\"},\"image\":{\"@id\":\"https:\/\/aucalme-reflexologie.com\/#\/schema\/logo\/image\/\"},\"sameAs\":[\"https:\/\/www.instagram.com\/aucalmereflexologie\/\",\"https:\/\/www.facebook.com\/AuCalmeReflexologie\"]}]}<\/script>\n<!-- \/ Yoast SEO plugin. -->","yoast_head_json":{"title":"Accueil - Au calme R\u00e9flexologie","robots":{"index":"index","follow":"follow","max-snippet":"max-snippet:-1","max-image-preview":"max-image-preview:large","max-video-preview":"max-video-preview:-1"},"canonical":"https:\/\/aucalme-reflexologie.com\/","og_locale":"fr_FR","og_type":"article","og_title":"Accueil - Au calme R\u00e9flexologie","og_description":"Bienvenue sur le site d\u2019Au Read More","og_url":"https:\/\/aucalme-reflexologie.com\/","og_site_name":"Au calme R\u00e9flexologie","article_publisher":"https:\/\/www.facebook.com\/AuCalmeReflexologie","article_modified_time":"2025-01-21T14:41:26+00:00","og_image":[{"url":"https:\/\/aucalme-reflexologie.com\/wp-content\/uploads\/2022\/09\/moi2-edited-1024x768.jpg"}],"twitter_card":"summary_large_image","twitter_misc":{"Dur\u00e9e de lecture estim\u00e9e":"2 minutes"},"schema":{"@context":"https:\/\/schema.org","@graph":[{"@type":"WebPage","@id":"https:\/\/aucalme-reflexologie.com\/","url":"https:\/\/aucalme-reflexologie.com\/","name":"Accueil - Au calme R\u00e9flexologie","isPartOf":{"@id":"https:\/\/aucalme-reflexologie.com\/#website"},"datePublished":"2022-05-03T19:15:17+00:00","dateModified":"2025-01-21T14:41:26+00:00","breadcrumb":{"@id":"https:\/\/aucalme-reflexologie.com\/#breadcrumb"},"inLanguage":"fr-FR","potentialAction":[{"@type":"ReadAction","target":["https:\/\/aucalme-reflexologie.com\/"]}]},{"@type":"BreadcrumbList","@id":"https:\/\/aucalme-reflexologie.com\/#breadcrumb","itemListElement":[{"@type":"ListItem","position":1,"name":"Accueil","item":"https:\/\/aucalme-reflexologie.com\/"},{"@type":"ListItem","position":2,"name":"Accueil"}]},{"@type":"WebSite","@id":"https:\/\/aucalme-reflexologie.com\/#website","url":"https:\/\/aucalme-reflexologie.com\/","name":"Au calme R\u00e9flexologie","description":"","publisher":{"@id":"https:\/\/aucalme-reflexologie.com\/#organization"},"potentialAction":[{"@type":"SearchAction","target":{"@type":"EntryPoint","urlTemplate":"https:\/\/aucalme-reflexologie.com\/?s={search_term_string}"},"query-input":"required name=search_term_string"}],"inLanguage":"fr-FR"},{"@type":"Organization","@id":"https:\/\/aucalme-reflexologie.com\/#organization","name":"Au calme R\u00e9flexologie","alternateName":"Au calme R\u00e9flexologie","url":"https:\/\/aucalme-reflexologie.com\/","logo":{"@type":"ImageObject","inLanguage":"fr-FR","@id":"https:\/\/aucalme-reflexologie.com\/#\/schema\/logo\/image\/","url":"https:\/\/aucalme-reflexologie.com\/wp-content\/uploads\/2022\/04\/logoSite180px.png","contentUrl":"https:\/\/aucalme-reflexologie.com\/wp-content\/uploads\/2022\/04\/logoSite180px.png","width":180,"height":182,"caption":"Au calme R\u00e9flexologie"},"image":{"@id":"https:\/\/aucalme-reflexologie.com\/#\/schema\/logo\/image\/"},"sameAs":["https:\/\/www.instagram.com\/aucalmereflexologie\/","https:\/\/www.facebook.com\/AuCalmeReflexologie"]}]}},"_links":{"self":[{"href":"https:\/\/aucalme-reflexologie.com\/index.php\/wp-json\/wp\/v2\/pages\/270","targetHints":{"allow":["GET"]}}],"collection":[{"href":"https:\/\/aucalme-reflexologie.com\/index.php\/wp-json\/wp\/v2\/pages"}],"about":[{"href":"https:\/\/aucalme-reflexologie.com\/index.php\/wp-json\/wp\/v2\/types\/page"}],"author":[{"embeddable":true,"href":"https:\/\/aucalme-reflexologie.com\/index.php\/wp-json\/wp\/v2\/users\/1"}],"replies":[{"embeddable":true,"href":"https:\/\/aucalme-reflexologie.com\/index.php\/wp-json\/wp\/v2\/comments?post=270"}],"version-history":[{"count":20,"href":"https:\/\/aucalme-reflexologie.com\/index.php\/wp-json\/wp\/v2\/pages\/270\/revisions"}],"predecessor-version":[{"id":2528,"href":"https:\/\/aucalme-reflexologie.com\/index.php\/wp-json\/wp\/v2\/pages\/270\/revisions\/2528"}],"wp:attachment":[{"href":"https:\/\/aucalme-reflexologie.com\/index.php\/wp-json\/wp\/v2\/media?parent=270"}],"curies":[{"name":"wp","href":"https:\/\/api.w.org\/{rel}","templated":true}]}}