{"id":34,"date":"2022-03-22T10:49:43","date_gmt":"2022-03-22T09:49:43","guid":{"rendered":"http:\/\/aucalme-reflexologie.com\/?page_id=34"},"modified":"2022-09-15T17:01:02","modified_gmt":"2022-09-15T15:01:02","slug":"qui-suis-je","status":"publish","type":"page","link":"https:\/\/aucalme-reflexologie.com\/index.php\/qui-suis-je\/","title":{"rendered":"Qui suis-je ?"},"content":{"rendered":"\n<div class=\"wp-block-group\"><div class=\"wp-block-group__inner-container is-layout-flow wp-block-group-is-layout-flow\">\n<div class=\"wp-block-columns is-layout-flex wp-container-core-columns-is-layout-9d6595d7 wp-block-columns-is-layout-flex\">\n<div class=\"wp-block-column is-layout-flow wp-block-column-is-layout-flow\" style=\"flex-basis:66.66%\">\n<table style=\"text-align:justify;\">\n\t<tr>\n\t\t<td width=\"5%\"><\/td>\n\t\t<td>Apr\u00e8s 18 ann\u00e9es d\u2019exp\u00e9riences professionnelles en tant que documentaliste, assistante et responsable de projets dans diff\u00e9rents domaine d\u2019activit\u00e9, j\u2019ai ressenti l\u2019envie de changer d\u2019orientation.<br \/><br \/>J\u2019ai en effet le d\u00e9sir de me sentir plus utile et de faire quelque chose de plus concret pour ceux qui m\u2019entourent.<br \/><\/td>\n\t\t<td width=\"5%\"><\/td>\n\t<\/tr>\n<\/table>\n\n<\/div>\n\n\n\n<div class=\"wp-block-column is-layout-flow wp-block-column-is-layout-flow\" style=\"flex-basis:33.33%\">\n<figure class=\"wp-block-image size-full\"><img loading=\"lazy\" decoding=\"async\" width=\"142\" height=\"173\" src=\"https:\/\/aucalme-reflexologie.com\/wp-content\/uploads\/2022\/05\/ML-1.jpg\" alt=\"\" class=\"wp-image-408\"\/><\/figure>\n<\/div>\n<\/div>\n<\/div><\/div>\n\n\n\n<table style=\"text-align:justify;\">\n\t<tr>\n\t\t<td width=\"5%\"><\/td>\n\t\t<td>Gr\u00e2ce \u00e0 la r\u00e9flexologie, je peux vous apporter du bien-\u00eatre, vous soulager de certains maux et vous accompagner dans votre d\u00e9marche de mieux-\u00eatre. De simples pressions permettent \u00e0 votre corps de s\u2019auto-r\u00e9guler et \u00e0 votre organisme de se d\u00e9tendre en apaisant les tensions pouvant g\u00e9n\u00e9rer des douleurs.<br \/><br \/>J\u2019ai \u00e9galement suivi une formation en shiatsu assis, massage de relaxation d\u2019une quinzaine de minutes pratiqu\u00e9 tout habill\u00e9 sur une chaise ergonomique, qui favorise le rel\u00e2chement du syst\u00e8me nerveux et r\u00e9duit le stress.<\/td>\n\t\t<td width=\"5%\"><\/td>\n\t<\/tr>\n<\/table>\n\n\n\n<div class=\"wp-block-columns is-layout-flex wp-container-core-columns-is-layout-9d6595d7 wp-block-columns-is-layout-flex\">\n<div class=\"wp-block-column is-layout-flow wp-block-column-is-layout-flow\" style=\"flex-basis:66.66%\">\n<table style=\"text-align:justify;\">\n\t<tr>\n\t\t<td width=\"5%\"><\/td>\n\t\t<td><strong><br \/><br \/>Mes formations :<br \/><\/strong><\/td>\n\t\t<td width=\"5%\"><\/td>\n\t<\/tr>\n\t<tr>\n\t\t<td width=\"5%\"><\/td>\n\t\t<td><br \/>\n\t\t<ul>\n\t\t<li><strong>Praticien en r\u00e9flexologie plantaire, palmaire et p\u00e9diatrique<\/strong> \u2013 Centre de formations Bien-\u00eatre R\u00e9flexo Naturel \u00e0 La-Roche-Sur-Foron <br \/><i>(L\u00e9opoldine Coupry, praticienne en r\u00e9flexologie)<\/i><\/li>\n\t\t\t<br \/>\n\t\t<li><strong>Praticien en r\u00e9flexologie faciale et cr\u00e2nienne<\/strong> \u2013 Centre de formations Bien-\u00eatre R\u00e9flexo Naturel \u00e0 La-Roche-Sur-Foron <br \/><i>(Fanny Blanc, praticienne en r\u00e9flexologie et sophrologue)<\/i><\/li>\n\t\t\t<br \/>\n\t\t<li><strong>Praticien en en shiatsu assis<\/strong> \u2013 Centre de formations Bien-\u00eatre R\u00e9flexo Naturel \u00e0 La-Roche-Sur-Foron <br \/><i>(Liliane Bartozzi, praticienne en Shiatsu et shiatsu assis)<\/i><\/li>\n\t\t<\/ul><\/td>\n\t\t<td width=\"5%\"><\/td>\n\t<\/tr>\n<\/table>\n<\/div>\n\n\n\n<div class=\"wp-block-column is-layout-flow wp-block-column-is-layout-flow\" style=\"flex-basis:33.33%\">\n<figure class=\"wp-block-image size-full\"><img loading=\"lazy\" decoding=\"async\" width=\"216\" height=\"250\" src=\"https:\/\/aucalme-reflexologie.com\/wp-content\/uploads\/2022\/09\/moi1-e1662631028131.png\" alt=\"\" class=\"wp-image-1515\"\/><\/figure>\n<\/div>\n<\/div>\n","protected":false},"excerpt":{"rendered":"<p>Apr\u00e8s 18 ann\u00e9es d\u2019exp\u00e9riences professionnelles<a class=\"read-more\" href=\"https:\/\/aucalme-reflexologie.com\/index.php\/qui-suis-je\/\"> Read More <\/a><\/p>\n","protected":false},"author":1,"featured_media":0,"parent":0,"menu_order":0,"comment_status":"closed","ping_status":"closed","template":"","meta":{"footnotes":""},"class_list":["post-34","page","type-page","status-publish","hentry"],"yoast_head":"<!-- This site is optimized with the Yoast SEO plugin v20.0 - https:\/\/yoast.com\/wordpress\/plugins\/seo\/ -->\n<title>Qui suis-je ? - Au calme R\u00e9flexologie<\/title>\n<meta name=\"robots\" content=\"index, follow, max-snippet:-1, max-image-preview:large, max-video-preview:-1\" \/>\n<link rel=\"canonical\" href=\"https:\/\/aucalme-reflexologie.com\/index.php\/qui-suis-je\/\" \/>\n<meta property=\"og:locale\" content=\"fr_FR\" \/>\n<meta property=\"og:type\" content=\"article\" \/>\n<meta property=\"og:title\" content=\"Qui suis-je ? - Au calme R\u00e9flexologie\" \/>\n<meta property=\"og:description\" content=\"Apr\u00e8s 18 ann\u00e9es d\u2019exp\u00e9riences professionnelles Read More\" \/>\n<meta property=\"og:url\" content=\"https:\/\/aucalme-reflexologie.com\/index.php\/qui-suis-je\/\" \/>\n<meta property=\"og:site_name\" content=\"Au calme R\u00e9flexologie\" \/>\n<meta property=\"article:publisher\" content=\"https:\/\/www.facebook.com\/AuCalmeReflexologie\" \/>\n<meta property=\"article:modified_time\" content=\"2022-09-15T15:01:02+00:00\" \/>\n<meta property=\"og:image\" content=\"https:\/\/aucalme-reflexologie.com\/wp-content\/uploads\/2022\/05\/ML-1.jpg\" \/>\n<meta name=\"twitter:card\" content=\"summary_large_image\" \/>\n<meta name=\"twitter:label1\" content=\"Dur\u00e9e de lecture estim\u00e9e\" \/>\n\t<meta name=\"twitter:data1\" content=\"1 minute\" \/>\n<script type=\"application\/ld+json\" class=\"yoast-schema-graph\">{\"@context\":\"https:\/\/schema.org\",\"@graph\":[{\"@type\":\"WebPage\",\"@id\":\"https:\/\/aucalme-reflexologie.com\/index.php\/qui-suis-je\/\",\"url\":\"https:\/\/aucalme-reflexologie.com\/index.php\/qui-suis-je\/\",\"name\":\"Qui suis-je ? - Au calme R\u00e9flexologie\",\"isPartOf\":{\"@id\":\"https:\/\/aucalme-reflexologie.com\/#website\"},\"datePublished\":\"2022-03-22T09:49:43+00:00\",\"dateModified\":\"2022-09-15T15:01:02+00:00\",\"breadcrumb\":{\"@id\":\"https:\/\/aucalme-reflexologie.com\/index.php\/qui-suis-je\/#breadcrumb\"},\"inLanguage\":\"fr-FR\",\"potentialAction\":[{\"@type\":\"ReadAction\",\"target\":[\"https:\/\/aucalme-reflexologie.com\/index.php\/qui-suis-je\/\"]}]},{\"@type\":\"BreadcrumbList\",\"@id\":\"https:\/\/aucalme-reflexologie.com\/index.php\/qui-suis-je\/#breadcrumb\",\"itemListElement\":[{\"@type\":\"ListItem\",\"position\":1,\"name\":\"Accueil\",\"item\":\"https:\/\/aucalme-reflexologie.com\/\"},{\"@type\":\"ListItem\",\"position\":2,\"name\":\"Qui suis-je ?\"}]},{\"@type\":\"WebSite\",\"@id\":\"https:\/\/aucalme-reflexologie.com\/#website\",\"url\":\"https:\/\/aucalme-reflexologie.com\/\",\"name\":\"Au calme R\u00e9flexologie\",\"description\":\"\",\"publisher\":{\"@id\":\"https:\/\/aucalme-reflexologie.com\/#organization\"},\"potentialAction\":[{\"@type\":\"SearchAction\",\"target\":{\"@type\":\"EntryPoint\",\"urlTemplate\":\"https:\/\/aucalme-reflexologie.com\/?s={search_term_string}\"},\"query-input\":\"required name=search_term_string\"}],\"inLanguage\":\"fr-FR\"},{\"@type\":\"Organization\",\"@id\":\"https:\/\/aucalme-reflexologie.com\/#organization\",\"name\":\"Au calme R\u00e9flexologie\",\"alternateName\":\"Au calme R\u00e9flexologie\",\"url\":\"https:\/\/aucalme-reflexologie.com\/\",\"logo\":{\"@type\":\"ImageObject\",\"inLanguage\":\"fr-FR\",\"@id\":\"https:\/\/aucalme-reflexologie.com\/#\/schema\/logo\/image\/\",\"url\":\"https:\/\/aucalme-reflexologie.com\/wp-content\/uploads\/2022\/04\/logoSite180px.png\",\"contentUrl\":\"https:\/\/aucalme-reflexologie.com\/wp-content\/uploads\/2022\/04\/logoSite180px.png\",\"width\":180,\"height\":182,\"caption\":\"Au calme R\u00e9flexologie\"},\"image\":{\"@id\":\"https:\/\/aucalme-reflexologie.com\/#\/schema\/logo\/image\/\"},\"sameAs\":[\"https:\/\/www.instagram.com\/aucalmereflexologie\/\",\"https:\/\/www.facebook.com\/AuCalmeReflexologie\"]}]}<\/script>\n<!-- \/ Yoast SEO plugin. -->","yoast_head_json":{"title":"Qui suis-je ? - Au calme R\u00e9flexologie","robots":{"index":"index","follow":"follow","max-snippet":"max-snippet:-1","max-image-preview":"max-image-preview:large","max-video-preview":"max-video-preview:-1"},"canonical":"https:\/\/aucalme-reflexologie.com\/index.php\/qui-suis-je\/","og_locale":"fr_FR","og_type":"article","og_title":"Qui suis-je ? - Au calme R\u00e9flexologie","og_description":"Apr\u00e8s 18 ann\u00e9es d\u2019exp\u00e9riences professionnelles Read More","og_url":"https:\/\/aucalme-reflexologie.com\/index.php\/qui-suis-je\/","og_site_name":"Au calme R\u00e9flexologie","article_publisher":"https:\/\/www.facebook.com\/AuCalmeReflexologie","article_modified_time":"2022-09-15T15:01:02+00:00","og_image":[{"url":"https:\/\/aucalme-reflexologie.com\/wp-content\/uploads\/2022\/05\/ML-1.jpg"}],"twitter_card":"summary_large_image","twitter_misc":{"Dur\u00e9e de lecture estim\u00e9e":"1 minute"},"schema":{"@context":"https:\/\/schema.org","@graph":[{"@type":"WebPage","@id":"https:\/\/aucalme-reflexologie.com\/index.php\/qui-suis-je\/","url":"https:\/\/aucalme-reflexologie.com\/index.php\/qui-suis-je\/","name":"Qui suis-je ? - Au calme R\u00e9flexologie","isPartOf":{"@id":"https:\/\/aucalme-reflexologie.com\/#website"},"datePublished":"2022-03-22T09:49:43+00:00","dateModified":"2022-09-15T15:01:02+00:00","breadcrumb":{"@id":"https:\/\/aucalme-reflexologie.com\/index.php\/qui-suis-je\/#breadcrumb"},"inLanguage":"fr-FR","potentialAction":[{"@type":"ReadAction","target":["https:\/\/aucalme-reflexologie.com\/index.php\/qui-suis-je\/"]}]},{"@type":"BreadcrumbList","@id":"https:\/\/aucalme-reflexologie.com\/index.php\/qui-suis-je\/#breadcrumb","itemListElement":[{"@type":"ListItem","position":1,"name":"Accueil","item":"https:\/\/aucalme-reflexologie.com\/"},{"@type":"ListItem","position":2,"name":"Qui suis-je ?"}]},{"@type":"WebSite","@id":"https:\/\/aucalme-reflexologie.com\/#website","url":"https:\/\/aucalme-reflexologie.com\/","name":"Au calme R\u00e9flexologie","description":"","publisher":{"@id":"https:\/\/aucalme-reflexologie.com\/#organization"},"potentialAction":[{"@type":"SearchAction","target":{"@type":"EntryPoint","urlTemplate":"https:\/\/aucalme-reflexologie.com\/?s={search_term_string}"},"query-input":"required name=search_term_string"}],"inLanguage":"fr-FR"},{"@type":"Organization","@id":"https:\/\/aucalme-reflexologie.com\/#organization","name":"Au calme R\u00e9flexologie","alternateName":"Au calme R\u00e9flexologie","url":"https:\/\/aucalme-reflexologie.com\/","logo":{"@type":"ImageObject","inLanguage":"fr-FR","@id":"https:\/\/aucalme-reflexologie.com\/#\/schema\/logo\/image\/","url":"https:\/\/aucalme-reflexologie.com\/wp-content\/uploads\/2022\/04\/logoSite180px.png","contentUrl":"https:\/\/aucalme-reflexologie.com\/wp-content\/uploads\/2022\/04\/logoSite180px.png","width":180,"height":182,"caption":"Au calme R\u00e9flexologie"},"image":{"@id":"https:\/\/aucalme-reflexologie.com\/#\/schema\/logo\/image\/"},"sameAs":["https:\/\/www.instagram.com\/aucalmereflexologie\/","https:\/\/www.facebook.com\/AuCalmeReflexologie"]}]}},"_links":{"self":[{"href":"https:\/\/aucalme-reflexologie.com\/index.php\/wp-json\/wp\/v2\/pages\/34","targetHints":{"allow":["GET"]}}],"collection":[{"href":"https:\/\/aucalme-reflexologie.com\/index.php\/wp-json\/wp\/v2\/pages"}],"about":[{"href":"https:\/\/aucalme-reflexologie.com\/index.php\/wp-json\/wp\/v2\/types\/page"}],"author":[{"embeddable":true,"href":"https:\/\/aucalme-reflexologie.com\/index.php\/wp-json\/wp\/v2\/users\/1"}],"replies":[{"embeddable":true,"href":"https:\/\/aucalme-reflexologie.com\/index.php\/wp-json\/wp\/v2\/comments?post=34"}],"version-history":[{"count":30,"href":"https:\/\/aucalme-reflexologie.com\/index.php\/wp-json\/wp\/v2\/pages\/34\/revisions"}],"predecessor-version":[{"id":1808,"href":"https:\/\/aucalme-reflexologie.com\/index.php\/wp-json\/wp\/v2\/pages\/34\/revisions\/1808"}],"wp:attachment":[{"href":"https:\/\/aucalme-reflexologie.com\/index.php\/wp-json\/wp\/v2\/media?parent=34"}],"curies":[{"name":"wp","href":"https:\/\/api.w.org\/{rel}","templated":true}]}}