{"id":926,"date":"2022-05-19T16:06:03","date_gmt":"2022-05-19T14:06:03","guid":{"rendered":"https:\/\/aucalme-reflexologie.com\/?page_id=926"},"modified":"2022-09-15T10:43:45","modified_gmt":"2022-09-15T08:43:45","slug":"la-reflexologie-plantaire","status":"publish","type":"page","link":"https:\/\/aucalme-reflexologie.com\/index.php\/la-reflexologie-plantaire\/","title":{"rendered":"La r\u00e9flexologie plantaire"},"content":{"rendered":"\n<table>\n<tr>\n<td width=\"5%\"><\/td>\n<td><strong>La r\u00e9flexologie plantaire adulte<\/strong><br \/><\/td>\n<\/tr>\n<\/table>\n\n\n\n<div class=\"wp-block-columns is-layout-flex wp-container-core-columns-is-layout-9d6595d7 wp-block-columns-is-layout-flex\">\n<div class=\"wp-block-column is-layout-flow wp-block-column-is-layout-flow\" style=\"flex-basis:66.66%\">\n<table style=\"text-align:justify;\">\n\t<tr>\n\t\t<td width=\"5%\"><\/td>\n\t\t<td><ul>\n\t\t\t<li> Diminue le stress <\/li>\n\t\t\t<li> Am\u00e9liore le sommeil <\/li>\n\t\t\t<li> Renforce le syst\u00e8me immunitaire <\/li>\n\t\t\t<li> Apaise les tensions et les douleurs <\/li>\n\t\t\t<li> Soulage les troubles digestifs, cardiaques, pulmonaires, urinaires, ost\u00e9oarticulaires ou musculaires. <\/li>\n\t\t\t<li> Am\u00e9liore le sommeil <\/li>\n\t\t<\/ul><\/td>\n\t\t<td width=\"5%\"><\/td>\n\t<\/tr>\n<\/table>\n<\/div>\n\n\n\n<div class=\"wp-block-column is-layout-flow wp-block-column-is-layout-flow\" style=\"flex-basis:33.33%\">\n<figure class=\"wp-block-image size-full\"><img loading=\"lazy\" decoding=\"async\" width=\"300\" height=\"202\" src=\"https:\/\/aucalme-reflexologie.com\/wp-content\/uploads\/2022\/09\/web-pied2-e1662451728981.jpg\" alt=\"\" class=\"wp-image-1484\"\/><\/figure>\n<\/div>\n<\/div>\n\n\n\n<table style=\"text-align:justify;\">\t\n\t<tr>\n\t\t<td width=\"5%\"><\/td>\n\t\t<td>(hypertension, hypotension, gastrite, maladie de Crohn, hyperthyro\u00efdie, hypothyro\u00efdie, arthrite, arthrose, tendinite, c\u00e9phal\u00e9es, migraines, maladie de Parkinson, scl\u00e9rose en plaque, m\u00e9nopause, asthme, acouph\u00e8nes, psoriasis, cystite,\u2026)<\/td>\n\t\t<td width=\"5%\"><\/td>\n\t<\/tr>\n<\/table>\n\n\n\n<table>\n<tr>\n<td width=\"5%\"><\/td>\n<td><strong><br \/><br \/>La r\u00e9flexologie plantaire enfant<\/strong><br \/><\/td>\n<\/tr>\n<\/table>\n\n\n\n<div class=\"wp-block-columns is-layout-flex wp-container-core-columns-is-layout-9d6595d7 wp-block-columns-is-layout-flex\">\n<div class=\"wp-block-column is-layout-flow wp-block-column-is-layout-flow\" style=\"flex-basis:66.66%\">\n<table style=\"text-align:justify;\">\n\t<tr>\n\t\t<td width=\"5%\"><\/td>\n\t\t<td><ul>\n\t\t<li> Am\u00e9liore la qualit\u00e9 du sommeil<\/li>\n\t\t<li> Apaise les douleurs des pouss\u00e9es dentaires, les coliques&#8230;<\/li>\n\t\t<li> Diminue les tensions musculaires<\/li>\n\t\t<li> Renforce les d\u00e9fenses immunitaires <\/li>\n\t\t<li> Apporte un bien-\u00eatre g\u00e9n\u00e9ral <\/li>\n\t\t<\/ul><\/td>\n<\/tr>\n<tr>\n<td width=\"5%\"><\/td>\n<td>(acn\u00e9, psoriasis, ecz\u00e9ma, constipation, \u00e9nur\u00e9sie, anxi\u00e9t\u00e9, hyperactivit\u00e9, asthme, infection \u00e0 r\u00e9p\u00e9tition, mal des transports,\u2026)<\/td>\n\t\t<td width=\"5%\"><\/td>\n\t<\/tr>\t\n<\/table>\n<\/div>\n\n\n\n<div class=\"wp-block-column is-layout-flow wp-block-column-is-layout-flow\" style=\"flex-basis:33.33%\">\n<figure class=\"wp-block-image size-large\"><img decoding=\"async\" src=\"https:\/\/aucalme-reflexologie.com\/wp-content\/uploads\/2022\/09\/pediatrie-e1662629170993.jpg\" alt=\"\"\/><\/figure>\n<\/div>\n<\/div>\n\n\n\n<table style=\"text-align:justify;\">\t\n\t<tr>\n\t\t<td width=\"5%\"><\/td>\n\t\t<td><p align=\"center\"><i><br \/>Avant de prendre rendez-vous, pensez \u00e0 bien v\u00e9rifier que vous n&rsquo;avez aucune contre-indication <a href=\"https:\/\/aucalme-reflexologie.com\/index.php\/les-contre-indications-a-la-reflexologie\/\">(liste des contre-indications)<\/a>.<\/i><\/p><\/td>\n\t\t<td width=\"5%\"><\/td>\n\t<\/tr>\n<\/table>\n\n\n\n<p align=\"center\"><strong><br>Attention : La r\u00e9flexologie ne se substitue pas \u00e0 la m\u00e9decine conventionnelle. <br>Elle ne remplace pas vos traitements en cours, ni vos consultations chez le m\u00e9decin. <br>Votre r\u00e9flexologue ne pose aucun diagnostic et n\u2019intervient dans aucune d\u00e9cision m\u00e9dicale.<\/strong><\/p>\n","protected":false},"excerpt":{"rendered":"<p>La r\u00e9flexologie plantaire adulte Diminue<a class=\"read-more\" href=\"https:\/\/aucalme-reflexologie.com\/index.php\/la-reflexologie-plantaire\/\"> Read More <\/a><\/p>\n","protected":false},"author":1,"featured_media":0,"parent":0,"menu_order":0,"comment_status":"closed","ping_status":"closed","template":"","meta":{"footnotes":""},"class_list":["post-926","page","type-page","status-publish","hentry"],"yoast_head":"<!-- This site is optimized with the Yoast SEO plugin v20.0 - https:\/\/yoast.com\/wordpress\/plugins\/seo\/ -->\n<title>La r\u00e9flexologie plantaire - Au calme R\u00e9flexologie<\/title>\n<meta name=\"robots\" content=\"index, follow, max-snippet:-1, max-image-preview:large, max-video-preview:-1\" \/>\n<link rel=\"canonical\" href=\"https:\/\/aucalme-reflexologie.com\/index.php\/la-reflexologie-plantaire\/\" \/>\n<meta property=\"og:locale\" content=\"fr_FR\" \/>\n<meta property=\"og:type\" content=\"article\" \/>\n<meta property=\"og:title\" content=\"La r\u00e9flexologie plantaire - Au calme R\u00e9flexologie\" \/>\n<meta property=\"og:description\" content=\"La r\u00e9flexologie plantaire adulte Diminue Read More\" \/>\n<meta property=\"og:url\" content=\"https:\/\/aucalme-reflexologie.com\/index.php\/la-reflexologie-plantaire\/\" \/>\n<meta property=\"og:site_name\" content=\"Au calme R\u00e9flexologie\" \/>\n<meta property=\"article:publisher\" content=\"https:\/\/www.facebook.com\/AuCalmeReflexologie\" \/>\n<meta property=\"article:modified_time\" content=\"2022-09-15T08:43:45+00:00\" \/>\n<meta property=\"og:image\" content=\"https:\/\/aucalme-reflexologie.com\/wp-content\/uploads\/2022\/09\/web-pied2-e1662451728981.jpg\" \/>\n<meta name=\"twitter:card\" content=\"summary_large_image\" \/>\n<meta name=\"twitter:label1\" content=\"Dur\u00e9e de lecture estim\u00e9e\" \/>\n\t<meta name=\"twitter:data1\" content=\"1 minute\" \/>\n<script type=\"application\/ld+json\" class=\"yoast-schema-graph\">{\"@context\":\"https:\/\/schema.org\",\"@graph\":[{\"@type\":\"WebPage\",\"@id\":\"https:\/\/aucalme-reflexologie.com\/index.php\/la-reflexologie-plantaire\/\",\"url\":\"https:\/\/aucalme-reflexologie.com\/index.php\/la-reflexologie-plantaire\/\",\"name\":\"La r\u00e9flexologie plantaire - Au calme R\u00e9flexologie\",\"isPartOf\":{\"@id\":\"https:\/\/aucalme-reflexologie.com\/#website\"},\"datePublished\":\"2022-05-19T14:06:03+00:00\",\"dateModified\":\"2022-09-15T08:43:45+00:00\",\"breadcrumb\":{\"@id\":\"https:\/\/aucalme-reflexologie.com\/index.php\/la-reflexologie-plantaire\/#breadcrumb\"},\"inLanguage\":\"fr-FR\",\"potentialAction\":[{\"@type\":\"ReadAction\",\"target\":[\"https:\/\/aucalme-reflexologie.com\/index.php\/la-reflexologie-plantaire\/\"]}]},{\"@type\":\"BreadcrumbList\",\"@id\":\"https:\/\/aucalme-reflexologie.com\/index.php\/la-reflexologie-plantaire\/#breadcrumb\",\"itemListElement\":[{\"@type\":\"ListItem\",\"position\":1,\"name\":\"Accueil\",\"item\":\"https:\/\/aucalme-reflexologie.com\/\"},{\"@type\":\"ListItem\",\"position\":2,\"name\":\"La r\u00e9flexologie plantaire\"}]},{\"@type\":\"WebSite\",\"@id\":\"https:\/\/aucalme-reflexologie.com\/#website\",\"url\":\"https:\/\/aucalme-reflexologie.com\/\",\"name\":\"Au calme R\u00e9flexologie\",\"description\":\"\",\"publisher\":{\"@id\":\"https:\/\/aucalme-reflexologie.com\/#organization\"},\"potentialAction\":[{\"@type\":\"SearchAction\",\"target\":{\"@type\":\"EntryPoint\",\"urlTemplate\":\"https:\/\/aucalme-reflexologie.com\/?s={search_term_string}\"},\"query-input\":\"required name=search_term_string\"}],\"inLanguage\":\"fr-FR\"},{\"@type\":\"Organization\",\"@id\":\"https:\/\/aucalme-reflexologie.com\/#organization\",\"name\":\"Au calme R\u00e9flexologie\",\"alternateName\":\"Au calme R\u00e9flexologie\",\"url\":\"https:\/\/aucalme-reflexologie.com\/\",\"logo\":{\"@type\":\"ImageObject\",\"inLanguage\":\"fr-FR\",\"@id\":\"https:\/\/aucalme-reflexologie.com\/#\/schema\/logo\/image\/\",\"url\":\"https:\/\/aucalme-reflexologie.com\/wp-content\/uploads\/2022\/04\/logoSite180px.png\",\"contentUrl\":\"https:\/\/aucalme-reflexologie.com\/wp-content\/uploads\/2022\/04\/logoSite180px.png\",\"width\":180,\"height\":182,\"caption\":\"Au calme R\u00e9flexologie\"},\"image\":{\"@id\":\"https:\/\/aucalme-reflexologie.com\/#\/schema\/logo\/image\/\"},\"sameAs\":[\"https:\/\/www.instagram.com\/aucalmereflexologie\/\",\"https:\/\/www.facebook.com\/AuCalmeReflexologie\"]}]}<\/script>\n<!-- \/ Yoast SEO plugin. -->","yoast_head_json":{"title":"La r\u00e9flexologie plantaire - Au calme R\u00e9flexologie","robots":{"index":"index","follow":"follow","max-snippet":"max-snippet:-1","max-image-preview":"max-image-preview:large","max-video-preview":"max-video-preview:-1"},"canonical":"https:\/\/aucalme-reflexologie.com\/index.php\/la-reflexologie-plantaire\/","og_locale":"fr_FR","og_type":"article","og_title":"La r\u00e9flexologie plantaire - Au calme R\u00e9flexologie","og_description":"La r\u00e9flexologie plantaire adulte Diminue Read More","og_url":"https:\/\/aucalme-reflexologie.com\/index.php\/la-reflexologie-plantaire\/","og_site_name":"Au calme R\u00e9flexologie","article_publisher":"https:\/\/www.facebook.com\/AuCalmeReflexologie","article_modified_time":"2022-09-15T08:43:45+00:00","og_image":[{"url":"https:\/\/aucalme-reflexologie.com\/wp-content\/uploads\/2022\/09\/web-pied2-e1662451728981.jpg"}],"twitter_card":"summary_large_image","twitter_misc":{"Dur\u00e9e de lecture estim\u00e9e":"1 minute"},"schema":{"@context":"https:\/\/schema.org","@graph":[{"@type":"WebPage","@id":"https:\/\/aucalme-reflexologie.com\/index.php\/la-reflexologie-plantaire\/","url":"https:\/\/aucalme-reflexologie.com\/index.php\/la-reflexologie-plantaire\/","name":"La r\u00e9flexologie plantaire - Au calme R\u00e9flexologie","isPartOf":{"@id":"https:\/\/aucalme-reflexologie.com\/#website"},"datePublished":"2022-05-19T14:06:03+00:00","dateModified":"2022-09-15T08:43:45+00:00","breadcrumb":{"@id":"https:\/\/aucalme-reflexologie.com\/index.php\/la-reflexologie-plantaire\/#breadcrumb"},"inLanguage":"fr-FR","potentialAction":[{"@type":"ReadAction","target":["https:\/\/aucalme-reflexologie.com\/index.php\/la-reflexologie-plantaire\/"]}]},{"@type":"BreadcrumbList","@id":"https:\/\/aucalme-reflexologie.com\/index.php\/la-reflexologie-plantaire\/#breadcrumb","itemListElement":[{"@type":"ListItem","position":1,"name":"Accueil","item":"https:\/\/aucalme-reflexologie.com\/"},{"@type":"ListItem","position":2,"name":"La r\u00e9flexologie plantaire"}]},{"@type":"WebSite","@id":"https:\/\/aucalme-reflexologie.com\/#website","url":"https:\/\/aucalme-reflexologie.com\/","name":"Au calme R\u00e9flexologie","description":"","publisher":{"@id":"https:\/\/aucalme-reflexologie.com\/#organization"},"potentialAction":[{"@type":"SearchAction","target":{"@type":"EntryPoint","urlTemplate":"https:\/\/aucalme-reflexologie.com\/?s={search_term_string}"},"query-input":"required name=search_term_string"}],"inLanguage":"fr-FR"},{"@type":"Organization","@id":"https:\/\/aucalme-reflexologie.com\/#organization","name":"Au calme R\u00e9flexologie","alternateName":"Au calme R\u00e9flexologie","url":"https:\/\/aucalme-reflexologie.com\/","logo":{"@type":"ImageObject","inLanguage":"fr-FR","@id":"https:\/\/aucalme-reflexologie.com\/#\/schema\/logo\/image\/","url":"https:\/\/aucalme-reflexologie.com\/wp-content\/uploads\/2022\/04\/logoSite180px.png","contentUrl":"https:\/\/aucalme-reflexologie.com\/wp-content\/uploads\/2022\/04\/logoSite180px.png","width":180,"height":182,"caption":"Au calme R\u00e9flexologie"},"image":{"@id":"https:\/\/aucalme-reflexologie.com\/#\/schema\/logo\/image\/"},"sameAs":["https:\/\/www.instagram.com\/aucalmereflexologie\/","https:\/\/www.facebook.com\/AuCalmeReflexologie"]}]}},"_links":{"self":[{"href":"https:\/\/aucalme-reflexologie.com\/index.php\/wp-json\/wp\/v2\/pages\/926","targetHints":{"allow":["GET"]}}],"collection":[{"href":"https:\/\/aucalme-reflexologie.com\/index.php\/wp-json\/wp\/v2\/pages"}],"about":[{"href":"https:\/\/aucalme-reflexologie.com\/index.php\/wp-json\/wp\/v2\/types\/page"}],"author":[{"embeddable":true,"href":"https:\/\/aucalme-reflexologie.com\/index.php\/wp-json\/wp\/v2\/users\/1"}],"replies":[{"embeddable":true,"href":"https:\/\/aucalme-reflexologie.com\/index.php\/wp-json\/wp\/v2\/comments?post=926"}],"version-history":[{"count":19,"href":"https:\/\/aucalme-reflexologie.com\/index.php\/wp-json\/wp\/v2\/pages\/926\/revisions"}],"predecessor-version":[{"id":1752,"href":"https:\/\/aucalme-reflexologie.com\/index.php\/wp-json\/wp\/v2\/pages\/926\/revisions\/1752"}],"wp:attachment":[{"href":"https:\/\/aucalme-reflexologie.com\/index.php\/wp-json\/wp\/v2\/media?parent=926"}],"curies":[{"name":"wp","href":"https:\/\/api.w.org\/{rel}","templated":true}]}}